{"id":4175,"date":"2023-09-28T04:53:37","date_gmt":"2023-09-28T04:53:37","guid":{"rendered":"https:\/\/advancebusiness.us\/?page_id=4175"},"modified":"2024-08-01T19:04:13","modified_gmt":"2024-08-02T00:04:13","slug":"nebraska-designated-agent","status":"publish","type":"page","link":"https:\/\/advancebusiness.us\/index.php\/services\/nebraska-designated-agent\/","title":{"rendered":"Nebraska Designated Agent"},"content":{"rendered":"\t\t<div data-elementor-type=\"wp-page\" data-elementor-id=\"4175\" class=\"elementor elementor-4175\">\n\t\t\t\t\t\t<div class=\"elementor-inner\">\n\t\t\t\t<div class=\"elementor-section-wrap\">\n\t\t\t\t\t\t\t\t\t<section class=\"elementor-section elementor-top-section elementor-element elementor-element-f3520d2 elementor-section-boxed elementor-section-height-default elementor-section-height-default\" data-id=\"f3520d2\" data-element_type=\"section\">\n\t\t\t\t\t\t<div class=\"elementor-container elementor-column-gap-default\">\n\t\t\t\t\t\t\t<div class=\"elementor-row\">\n\t\t\t\t\t<div class=\"elementor-column elementor-col-16 elementor-top-column elementor-element elementor-element-b4fbff2\" data-id=\"b4fbff2\" data-element_type=\"column\">\n\t\t\t<div class=\"elementor-column-wrap\">\n\t\t\t\t\t\t\t<div class=\"elementor-widget-wrap\">\n\t\t\t\t\t\t\t\t<\/div>\n\t\t\t\t\t<\/div>\n\t\t<\/div>\n\t\t\t\t<div class=\"elementor-column elementor-col-66 elementor-top-column elementor-element elementor-element-801bc3c\" data-id=\"801bc3c\" data-element_type=\"column\">\n\t\t\t<div class=\"elementor-column-wrap elementor-element-populated\">\n\t\t\t\t\t\t\t<div class=\"elementor-widget-wrap\">\n\t\t\t\t\t\t<div class=\"elementor-element elementor-element-d6469a1 elementor-widget elementor-widget-text-editor\" data-id=\"d6469a1\" data-element_type=\"widget\" data-widget_type=\"text-editor.default\">\n\t\t\t\t<div class=\"elementor-widget-container\">\n\t\t\t<style>\/*! elementor - v3.16.0 - 17-10-2023 *\/\n.elementor-widget-text-editor.elementor-drop-cap-view-stacked .elementor-drop-cap{background-color:#69727d;color:#fff}.elementor-widget-text-editor.elementor-drop-cap-view-framed .elementor-drop-cap{color:#69727d;border:3px solid;background-color:transparent}.elementor-widget-text-editor:not(.elementor-drop-cap-view-default) .elementor-drop-cap{margin-top:8px}.elementor-widget-text-editor:not(.elementor-drop-cap-view-default) .elementor-drop-cap-letter{width:1em;height:1em}.elementor-widget-text-editor .elementor-drop-cap{float:left;text-align:center;line-height:1;font-size:50px}.elementor-widget-text-editor .elementor-drop-cap-letter{display:inline-block}<\/style>\t\t\t\t\t<div class=\"elementor-text-editor elementor-clearfix\">\n\t\t\t\t<p style=\"text-align: center;\">At <strong>Advance Business Center<\/strong>, we understand the importance of maintaining privacy and compliance in your business operations. Our Nebraska Designated Agent service is designed to provide you with a comprehensive solution that allows you to comply with the legal and operational requirements in the state of Nebraska. Here is a detailed description of how our service can benefit your company:<\/p>\t\t\t\t\t<\/div>\n\t\t\t\t\t\t<\/div>\n\t\t\t\t<\/div>\n\t\t\t\t\t\t<\/div>\n\t\t\t\t\t<\/div>\n\t\t<\/div>\n\t\t\t\t<div class=\"elementor-column elementor-col-16 elementor-top-column elementor-element elementor-element-ab24fdf\" data-id=\"ab24fdf\" data-element_type=\"column\">\n\t\t\t<div class=\"elementor-column-wrap\">\n\t\t\t\t\t\t\t<div class=\"elementor-widget-wrap\">\n\t\t\t\t\t\t\t\t<\/div>\n\t\t\t\t\t<\/div>\n\t\t<\/div>\n\t\t\t\t\t\t\t\t<\/div>\n\t\t\t\t\t<\/div>\n\t\t<\/section>\n\t\t\t\t<section class=\"elementor-section elementor-top-section elementor-element elementor-element-1e04b34 elementor-section-boxed elementor-section-height-default elementor-section-height-default\" data-id=\"1e04b34\" data-element_type=\"section\">\n\t\t\t\t\t\t<div class=\"elementor-container elementor-column-gap-default\">\n\t\t\t\t\t\t\t<div class=\"elementor-row\">\n\t\t\t\t\t<div class=\"elementor-column elementor-col-50 elementor-top-column elementor-element elementor-element-172a0bb\" data-id=\"172a0bb\" data-element_type=\"column\">\n\t\t\t<div class=\"elementor-column-wrap elementor-element-populated\">\n\t\t\t\t\t\t\t<div class=\"elementor-widget-wrap\">\n\t\t\t\t\t\t<div class=\"elementor-element elementor-element-92d5627 elementor-widget elementor-widget-image\" data-id=\"92d5627\" data-element_type=\"widget\" data-widget_type=\"image.default\">\n\t\t\t\t<div class=\"elementor-widget-container\">\n\t\t\t<style>\/*! elementor - v3.16.0 - 17-10-2023 *\/\n.elementor-widget-image{text-align:center}.elementor-widget-image a{display:inline-block}.elementor-widget-image a img[src$=\".svg\"]{width:48px}.elementor-widget-image img{vertical-align:middle;display:inline-block}<\/style>\t\t\t\t\t<div class=\"elementor-image\">\n\t\t\t\t\t\t\t\t\t\t\t\t<img loading=\"lazy\" decoding=\"async\" width=\"1024\" height=\"683\" src=\"https:\/\/advancebusiness.us\/wp-content\/uploads\/2023\/09\/advance-business-center-agente-designado-cover-predeterminado-1024x683.jpg\" class=\"attachment-large size-large wp-image-4180\" alt=\"Agente Designado - Advance Business Center\" srcset=\"https:\/\/advancebusiness.us\/wp-content\/uploads\/2023\/09\/advance-business-center-agente-designado-cover-predeterminado-1024x683.jpg 1024w, https:\/\/advancebusiness.us\/wp-content\/uploads\/2023\/09\/advance-business-center-agente-designado-cover-predeterminado-scaled-1080x720.jpg 1080w, https:\/\/advancebusiness.us\/wp-content\/uploads\/2023\/09\/advance-business-center-agente-designado-cover-predeterminado-300x200.jpg 300w, https:\/\/advancebusiness.us\/wp-content\/uploads\/2023\/09\/advance-business-center-agente-designado-cover-predeterminado-768x512.jpg 768w, https:\/\/advancebusiness.us\/wp-content\/uploads\/2023\/09\/advance-business-center-agente-designado-cover-predeterminado-1536x1024.jpg 1536w, https:\/\/advancebusiness.us\/wp-content\/uploads\/2023\/09\/advance-business-center-agente-designado-cover-predeterminado-2048x1365.jpg 2048w\" sizes=\"(max-width: 1024px) 100vw, 1024px\" \/>\t\t\t\t\t\t\t\t\t\t\t\t\t\t<\/div>\n\t\t\t\t\t\t<\/div>\n\t\t\t\t<\/div>\n\t\t\t\t\t\t<\/div>\n\t\t\t\t\t<\/div>\n\t\t<\/div>\n\t\t\t\t<div class=\"elementor-column elementor-col-50 elementor-top-column elementor-element elementor-element-6add789\" data-id=\"6add789\" data-element_type=\"column\">\n\t\t\t<div class=\"elementor-column-wrap elementor-element-populated\">\n\t\t\t\t\t\t\t<div class=\"elementor-widget-wrap\">\n\t\t\t\t\t\t<div class=\"elementor-element elementor-element-34d89e4 elementor-widget elementor-widget-heading\" data-id=\"34d89e4\" data-element_type=\"widget\" data-widget_type=\"heading.default\">\n\t\t\t\t<div class=\"elementor-widget-container\">\n\t\t\t<style>\/*! elementor - v3.16.0 - 17-10-2023 *\/\n.elementor-heading-title{padding:0;margin:0;line-height:1}.elementor-widget-heading .elementor-heading-title[class*=elementor-size-]>a{color:inherit;font-size:inherit;line-height:inherit}.elementor-widget-heading .elementor-heading-title.elementor-size-small{font-size:15px}.elementor-widget-heading .elementor-heading-title.elementor-size-medium{font-size:19px}.elementor-widget-heading .elementor-heading-title.elementor-size-large{font-size:29px}.elementor-widget-heading .elementor-heading-title.elementor-size-xl{font-size:39px}.elementor-widget-heading .elementor-heading-title.elementor-size-xxl{font-size:59px}<\/style><h3 class=\"elementor-heading-title elementor-size-default\">Legal compliance<\/h3>\t\t<\/div>\n\t\t\t\t<\/div>\n\t\t\t\t<div class=\"elementor-element elementor-element-dbbabac elementor-widget elementor-widget-text-editor\" data-id=\"dbbabac\" data-element_type=\"widget\" data-widget_type=\"text-editor.default\">\n\t\t\t\t<div class=\"elementor-widget-container\">\n\t\t\t\t\t\t\t\t<div class=\"elementor-text-editor elementor-clearfix\">\n\t\t\t\t<p>As a business consulting firm, we know how crucial it is to keep your business in compliance with state laws and regulations. We act as your designated agent in Nebraska, which means we are authorized to receive legal notices and official documents on your behalf. This ensures that you don&#8217;t miss any important communications and that your business meets legal requirements.<\/p>\t\t\t\t\t<\/div>\n\t\t\t\t\t\t<\/div>\n\t\t\t\t<\/div>\n\t\t\t\t<div class=\"elementor-element elementor-element-f7bf317 elementor-widget elementor-widget-heading\" data-id=\"f7bf317\" data-element_type=\"widget\" data-widget_type=\"heading.default\">\n\t\t\t\t<div class=\"elementor-widget-container\">\n\t\t\t<h4 class=\"elementor-heading-title elementor-size-default\">Privacy and Confidentiality<\/h4>\t\t<\/div>\n\t\t\t\t<\/div>\n\t\t\t\t<div class=\"elementor-element elementor-element-94f9c78 elementor-widget elementor-widget-text-editor\" data-id=\"94f9c78\" data-element_type=\"widget\" data-widget_type=\"text-editor.default\">\n\t\t\t\t<div class=\"elementor-widget-container\">\n\t\t\t\t\t\t\t\t<div class=\"elementor-text-editor elementor-clearfix\">\n\t\t\t\t<p>We understand that it may be desirable to keep personal contact information separate from the owner or management of the company. As your designated agent, we provide our address as a public point of contact, which protects your privacy and reduces the risk of receiving official communications at your place of work or residence.<\/p>\t\t\t\t\t<\/div>\n\t\t\t\t\t\t<\/div>\n\t\t\t\t<\/div>\n\t\t\t\t\t\t<\/div>\n\t\t\t\t\t<\/div>\n\t\t<\/div>\n\t\t\t\t\t\t\t\t<\/div>\n\t\t\t\t\t<\/div>\n\t\t<\/section>\n\t\t\t\t<section class=\"elementor-section elementor-top-section elementor-element elementor-element-646e400 elementor-section-full_width elementor-section-height-default elementor-section-height-default\" data-id=\"646e400\" data-element_type=\"section\" data-settings=\"{&quot;background_background&quot;:&quot;classic&quot;}\">\n\t\t\t\t\t\t<div class=\"elementor-container elementor-column-gap-default\">\n\t\t\t\t\t\t\t<div class=\"elementor-row\">\n\t\t\t\t\t<div class=\"elementor-column elementor-col-100 elementor-top-column elementor-element elementor-element-859a9da\" data-id=\"859a9da\" data-element_type=\"column\">\n\t\t\t<div class=\"elementor-column-wrap elementor-element-populated\">\n\t\t\t\t\t\t\t<div class=\"elementor-widget-wrap\">\n\t\t\t\t\t\t<div class=\"elementor-element elementor-element-8834e1b elementor-widget elementor-widget-heading\" data-id=\"8834e1b\" data-element_type=\"widget\" data-widget_type=\"heading.default\">\n\t\t\t\t<div class=\"elementor-widget-container\">\n\t\t\t<h3 class=\"elementor-heading-title elementor-size-xl\">Boost your business today!<\/h3>\t\t<\/div>\n\t\t\t\t<\/div>\n\t\t\t\t<div class=\"elementor-element elementor-element-a23098f elementor-widget elementor-widget-heading\" data-id=\"a23098f\" data-element_type=\"widget\" data-widget_type=\"heading.default\">\n\t\t\t\t<div class=\"elementor-widget-container\">\n\t\t\t<p class=\"elementor-heading-title elementor-size-medium\">Contact us for a free consultation.<\/p>\t\t<\/div>\n\t\t\t\t<\/div>\n\t\t\t\t<div class=\"elementor-element elementor-element-bdaf164 elementor-align-center elementor-widget elementor-widget-button\" data-id=\"bdaf164\" data-element_type=\"widget\" data-widget_type=\"button.default\">\n\t\t\t\t<div class=\"elementor-widget-container\">\n\t\t\t\t\t<div class=\"elementor-button-wrapper\">\n\t\t\t<a class=\"elementor-button elementor-button-link elementor-size-lg\" href=\"tel:+1%20(402)%20889-5742\">\n\t\t\t\t\t\t<span class=\"elementor-button-content-wrapper\">\n\t\t\t\t\t\t<span class=\"elementor-button-icon elementor-align-icon-left\">\n\t\t\t\t<i aria-hidden=\"true\" class=\"flaticon flaticon-phone-call\"><\/i>\t\t\t<\/span>\n\t\t\t\t\t\t<span class=\"elementor-button-text\">CALL US<\/span>\n\t\t<\/span>\n\t\t\t\t\t<\/a>\n\t\t<\/div>\n\t\t\t\t<\/div>\n\t\t\t\t<\/div>\n\t\t\t\t\t\t<\/div>\n\t\t\t\t\t<\/div>\n\t\t<\/div>\n\t\t\t\t\t\t\t\t<\/div>\n\t\t\t\t\t<\/div>\n\t\t<\/section>\n\t\t\t\t<section class=\"elementor-section elementor-top-section elementor-element elementor-element-3526997 elementor-section-boxed elementor-section-height-default elementor-section-height-default\" data-id=\"3526997\" data-element_type=\"section\">\n\t\t\t\t\t\t<div class=\"elementor-container elementor-column-gap-default\">\n\t\t\t\t\t\t\t<div class=\"elementor-row\">\n\t\t\t\t\t<div class=\"elementor-column elementor-col-50 elementor-top-column elementor-element elementor-element-0d805d4\" data-id=\"0d805d4\" data-element_type=\"column\">\n\t\t\t<div class=\"elementor-column-wrap elementor-element-populated\">\n\t\t\t\t\t\t\t<div class=\"elementor-widget-wrap\">\n\t\t\t\t\t\t<div class=\"elementor-element elementor-element-47b176f elementor-widget elementor-widget-image\" data-id=\"47b176f\" data-element_type=\"widget\" data-widget_type=\"image.default\">\n\t\t\t\t<div class=\"elementor-widget-container\">\n\t\t\t\t\t\t\t\t<div class=\"elementor-image\">\n\t\t\t\t\t\t\t\t\t\t\t\t<img loading=\"lazy\" decoding=\"async\" width=\"1024\" height=\"683\" src=\"https:\/\/advancebusiness.us\/wp-content\/uploads\/2023\/09\/advance-business-agente-designado-asuntos-legales-servicios-1-1024x683.jpg\" class=\"attachment-large size-large wp-image-4182\" alt=\"Advance Business Center - Agente Designado\" srcset=\"https:\/\/advancebusiness.us\/wp-content\/uploads\/2023\/09\/advance-business-agente-designado-asuntos-legales-servicios-1-1024x683.jpg 1024w, https:\/\/advancebusiness.us\/wp-content\/uploads\/2023\/09\/advance-business-agente-designado-asuntos-legales-servicios-1-scaled-1080x720.jpg 1080w, https:\/\/advancebusiness.us\/wp-content\/uploads\/2023\/09\/advance-business-agente-designado-asuntos-legales-servicios-1-300x200.jpg 300w, https:\/\/advancebusiness.us\/wp-content\/uploads\/2023\/09\/advance-business-agente-designado-asuntos-legales-servicios-1-768x512.jpg 768w, https:\/\/advancebusiness.us\/wp-content\/uploads\/2023\/09\/advance-business-agente-designado-asuntos-legales-servicios-1-1536x1024.jpg 1536w, https:\/\/advancebusiness.us\/wp-content\/uploads\/2023\/09\/advance-business-agente-designado-asuntos-legales-servicios-1-2048x1365.jpg 2048w\" sizes=\"(max-width: 1024px) 100vw, 1024px\" \/>\t\t\t\t\t\t\t\t\t\t\t\t\t\t<\/div>\n\t\t\t\t\t\t<\/div>\n\t\t\t\t<\/div>\n\t\t\t\t\t\t<\/div>\n\t\t\t\t\t<\/div>\n\t\t<\/div>\n\t\t\t\t<div class=\"elementor-column elementor-col-50 elementor-top-column elementor-element elementor-element-cb3e151\" data-id=\"cb3e151\" data-element_type=\"column\">\n\t\t\t<div class=\"elementor-column-wrap elementor-element-populated\">\n\t\t\t\t\t\t\t<div class=\"elementor-widget-wrap\">\n\t\t\t\t\t\t<div class=\"elementor-element elementor-element-0ec6e02 elementor-widget elementor-widget-heading\" data-id=\"0ec6e02\" data-element_type=\"widget\" data-widget_type=\"heading.default\">\n\t\t\t\t<div class=\"elementor-widget-container\">\n\t\t\t<h4 class=\"elementor-heading-title elementor-size-default\">Efficient Reception and Notification<\/h4>\t\t<\/div>\n\t\t\t\t<\/div>\n\t\t\t\t<div class=\"elementor-element elementor-element-6389eee elementor-widget elementor-widget-text-editor\" data-id=\"6389eee\" data-element_type=\"widget\" data-widget_type=\"text-editor.default\">\n\t\t\t\t<div class=\"elementor-widget-container\">\n\t\t\t\t\t\t\t\t<div class=\"elementor-text-editor elementor-clearfix\">\n\t\t\t\t<p>Our team will ensure we receive and process any legal notices or official documents sent to your company. This includes notices of legal claims, subpoenas, letters from the state, and other critical communications. We will notify you quickly and efficiently so that you can take appropriate action.<\/p>\t\t\t\t\t<\/div>\n\t\t\t\t\t\t<\/div>\n\t\t\t\t<\/div>\n\t\t\t\t<div class=\"elementor-element elementor-element-bb085c8 elementor-widget elementor-widget-heading\" data-id=\"bb085c8\" data-element_type=\"widget\" data-widget_type=\"heading.default\">\n\t\t\t\t<div class=\"elementor-widget-container\">\n\t\t\t<h4 class=\"elementor-heading-title elementor-size-default\">Access to Important Documentation<\/h4>\t\t<\/div>\n\t\t\t\t<\/div>\n\t\t\t\t<div class=\"elementor-element elementor-element-e93c5d5 elementor-widget elementor-widget-text-editor\" data-id=\"e93c5d5\" data-element_type=\"widget\" data-widget_type=\"text-editor.default\">\n\t\t\t\t<div class=\"elementor-widget-container\">\n\t\t\t\t\t\t\t\t<div class=\"elementor-text-editor elementor-clearfix\">\n\t\t\t\t<p>We will maintain a record of communications received and provide you with access to relevant legal documentation. This allows you to have an organized history of notifications received and maintain complete control over important information related to your business.<\/p>\t\t\t\t\t<\/div>\n\t\t\t\t\t\t<\/div>\n\t\t\t\t<\/div>\n\t\t\t\t<div class=\"elementor-element elementor-element-c8dd797 elementor-widget elementor-widget-text-editor\" data-id=\"c8dd797\" data-element_type=\"widget\" data-widget_type=\"text-editor.default\">\n\t\t\t\t<div class=\"elementor-widget-container\">\n\t\t\t\t\t\t\t\t<div class=\"elementor-text-editor elementor-clearfix\">\n\t\t\t\t<p style=\"text-align: left;\">At Advance Business Center, our Nebraska Designated Agent service is an essential step in establishing a solid foundation for your business. We take care of the legal and administrative obligations, allowing you to focus on growing and managing your business with confidence. Contact us today and let us be your trusted compliance and compliance partner in the state of Nebraska!<\/p>\t\t\t\t\t<\/div>\n\t\t\t\t\t\t<\/div>\n\t\t\t\t<\/div>\n\t\t\t\t\t\t<\/div>\n\t\t\t\t\t<\/div>\n\t\t<\/div>\n\t\t\t\t\t\t\t\t<\/div>\n\t\t\t\t\t<\/div>\n\t\t<\/section>\n\t\t\t\t\t\t\t\t\t<\/div>\n\t\t\t<\/div>\n\t\t\t\t\t<\/div>\n\t\t","protected":false},"excerpt":{"rendered":"<p>Nuestro servicio de formaci\u00f3n de empresas est\u00e1 dise\u00f1ado para hacer realidad tus ideas de negocio de manera eficiente y profesional. Nos encargamos de cada paso crucial en el proceso de establecer tu empresa, asegur\u00e1ndonos de que todo est\u00e9 en orden y legalmente conforme para que puedas concentrarte en lo que haces mejor: hacer crecer tu negocio.<\/p>\n","protected":false},"author":1,"featured_media":4667,"parent":33,"menu_order":0,"comment_status":"closed","ping_status":"closed","template":"","meta":{"_monsterinsights_skip_tracking":false,"_monsterinsights_sitenote_active":false,"_monsterinsights_sitenote_note":"","_monsterinsights_sitenote_category":0,"footnotes":""},"class_list":["post-4175","page","type-page","status-publish","has-post-thumbnail","hentry"],"aioseo_notices":[],"_links":{"self":[{"href":"https:\/\/advancebusiness.us\/index.php\/wp-json\/wp\/v2\/pages\/4175"}],"collection":[{"href":"https:\/\/advancebusiness.us\/index.php\/wp-json\/wp\/v2\/pages"}],"about":[{"href":"https:\/\/advancebusiness.us\/index.php\/wp-json\/wp\/v2\/types\/page"}],"author":[{"embeddable":true,"href":"https:\/\/advancebusiness.us\/index.php\/wp-json\/wp\/v2\/users\/1"}],"replies":[{"embeddable":true,"href":"https:\/\/advancebusiness.us\/index.php\/wp-json\/wp\/v2\/comments?post=4175"}],"version-history":[{"count":18,"href":"https:\/\/advancebusiness.us\/index.php\/wp-json\/wp\/v2\/pages\/4175\/revisions"}],"predecessor-version":[{"id":4806,"href":"https:\/\/advancebusiness.us\/index.php\/wp-json\/wp\/v2\/pages\/4175\/revisions\/4806"}],"up":[{"embeddable":true,"href":"https:\/\/advancebusiness.us\/index.php\/wp-json\/wp\/v2\/pages\/33"}],"wp:featuredmedia":[{"embeddable":true,"href":"https:\/\/advancebusiness.us\/index.php\/wp-json\/wp\/v2\/media\/4667"}],"wp:attachment":[{"href":"https:\/\/advancebusiness.us\/index.php\/wp-json\/wp\/v2\/media?parent=4175"}],"curies":[{"name":"wp","href":"https:\/\/api.w.org\/{rel}","templated":true}]}}