{"id":4116,"date":"2023-09-28T04:02:37","date_gmt":"2023-09-28T04:02:37","guid":{"rendered":"https:\/\/advancebusiness.us\/?page_id=4116"},"modified":"2024-08-01T18:29:27","modified_gmt":"2024-08-01T23:29:27","slug":"bookkeeping","status":"publish","type":"page","link":"https:\/\/advancebusiness.us\/index.php\/services\/bookkeeping\/","title":{"rendered":"Bookkeeping"},"content":{"rendered":"\t\t<div data-elementor-type=\"wp-page\" data-elementor-id=\"4116\" class=\"elementor elementor-4116\">\n\t\t\t\t\t\t<div class=\"elementor-inner\">\n\t\t\t\t<div class=\"elementor-section-wrap\">\n\t\t\t\t\t\t\t\t\t<section class=\"elementor-section elementor-top-section elementor-element elementor-element-f3520d2 elementor-section-boxed elementor-section-height-default elementor-section-height-default\" data-id=\"f3520d2\" data-element_type=\"section\">\n\t\t\t\t\t\t<div class=\"elementor-container elementor-column-gap-default\">\n\t\t\t\t\t\t\t<div class=\"elementor-row\">\n\t\t\t\t\t<div class=\"elementor-column elementor-col-16 elementor-top-column elementor-element elementor-element-b4fbff2\" data-id=\"b4fbff2\" data-element_type=\"column\">\n\t\t\t<div class=\"elementor-column-wrap\">\n\t\t\t\t\t\t\t<div class=\"elementor-widget-wrap\">\n\t\t\t\t\t\t\t\t<\/div>\n\t\t\t\t\t<\/div>\n\t\t<\/div>\n\t\t\t\t<div class=\"elementor-column elementor-col-66 elementor-top-column elementor-element elementor-element-801bc3c\" data-id=\"801bc3c\" data-element_type=\"column\">\n\t\t\t<div class=\"elementor-column-wrap elementor-element-populated\">\n\t\t\t\t\t\t\t<div class=\"elementor-widget-wrap\">\n\t\t\t\t\t\t<div class=\"elementor-element elementor-element-d6469a1 elementor-widget elementor-widget-text-editor\" data-id=\"d6469a1\" data-element_type=\"widget\" data-widget_type=\"text-editor.default\">\n\t\t\t\t<div class=\"elementor-widget-container\">\n\t\t\t<style>\/*! elementor - v3.16.0 - 17-10-2023 *\/\n.elementor-widget-text-editor.elementor-drop-cap-view-stacked .elementor-drop-cap{background-color:#69727d;color:#fff}.elementor-widget-text-editor.elementor-drop-cap-view-framed .elementor-drop-cap{color:#69727d;border:3px solid;background-color:transparent}.elementor-widget-text-editor:not(.elementor-drop-cap-view-default) .elementor-drop-cap{margin-top:8px}.elementor-widget-text-editor:not(.elementor-drop-cap-view-default) .elementor-drop-cap-letter{width:1em;height:1em}.elementor-widget-text-editor .elementor-drop-cap{float:left;text-align:center;line-height:1;font-size:50px}.elementor-widget-text-editor .elementor-drop-cap-letter{display:inline-block}<\/style>\t\t\t\t\t<div class=\"elementor-text-editor elementor-clearfix\">\n\t\t\t\t<p style=\"text-align: center;\">At <strong>Advance Business Center<\/strong>, we understand that keeping accurate and organized financial records is essential to the success of your business. Our bookkeeping service is designed to free you from the burden of administrative and accounting tasks, allowing you to focus on what you do best: growing your company. Here&#8217;s a detailed description of how we can help you keep your finances in order:<\/p>\t\t\t\t\t<\/div>\n\t\t\t\t\t\t<\/div>\n\t\t\t\t<\/div>\n\t\t\t\t\t\t<\/div>\n\t\t\t\t\t<\/div>\n\t\t<\/div>\n\t\t\t\t<div class=\"elementor-column elementor-col-16 elementor-top-column elementor-element elementor-element-ab24fdf\" data-id=\"ab24fdf\" data-element_type=\"column\">\n\t\t\t<div class=\"elementor-column-wrap\">\n\t\t\t\t\t\t\t<div class=\"elementor-widget-wrap\">\n\t\t\t\t\t\t\t\t<\/div>\n\t\t\t\t\t<\/div>\n\t\t<\/div>\n\t\t\t\t\t\t\t\t<\/div>\n\t\t\t\t\t<\/div>\n\t\t<\/section>\n\t\t\t\t<section class=\"elementor-section elementor-top-section elementor-element elementor-element-1e04b34 elementor-section-boxed elementor-section-height-default elementor-section-height-default\" data-id=\"1e04b34\" data-element_type=\"section\">\n\t\t\t\t\t\t<div class=\"elementor-container elementor-column-gap-default\">\n\t\t\t\t\t\t\t<div class=\"elementor-row\">\n\t\t\t\t\t<div class=\"elementor-column elementor-col-50 elementor-top-column elementor-element elementor-element-172a0bb\" data-id=\"172a0bb\" data-element_type=\"column\">\n\t\t\t<div class=\"elementor-column-wrap elementor-element-populated\">\n\t\t\t\t\t\t\t<div class=\"elementor-widget-wrap\">\n\t\t\t\t\t\t<div class=\"elementor-element elementor-element-92d5627 elementor-widget elementor-widget-image\" data-id=\"92d5627\" data-element_type=\"widget\" data-widget_type=\"image.default\">\n\t\t\t\t<div class=\"elementor-widget-container\">\n\t\t\t<style>\/*! elementor - v3.16.0 - 17-10-2023 *\/\n.elementor-widget-image{text-align:center}.elementor-widget-image a{display:inline-block}.elementor-widget-image a img[src$=\".svg\"]{width:48px}.elementor-widget-image img{vertical-align:middle;display:inline-block}<\/style>\t\t\t\t\t<div class=\"elementor-image\">\n\t\t\t\t\t\t\t\t\t\t\t\t<img loading=\"lazy\" decoding=\"async\" width=\"1024\" height=\"683\" src=\"https:\/\/advancebusiness.us\/wp-content\/uploads\/2023\/09\/primer-plano-economista-que-usa-calculadora-mientras-revisa-facturas-impuestos-oficina-1024x683.jpg\" class=\"attachment-large size-large wp-image-4119\" alt=\"Bookkeping\" srcset=\"https:\/\/advancebusiness.us\/wp-content\/uploads\/2023\/09\/primer-plano-economista-que-usa-calculadora-mientras-revisa-facturas-impuestos-oficina-1024x683.jpg 1024w, https:\/\/advancebusiness.us\/wp-content\/uploads\/2023\/09\/primer-plano-economista-que-usa-calculadora-mientras-revisa-facturas-impuestos-oficina-scaled-1080x720.jpg 1080w, https:\/\/advancebusiness.us\/wp-content\/uploads\/2023\/09\/primer-plano-economista-que-usa-calculadora-mientras-revisa-facturas-impuestos-oficina-300x200.jpg 300w, https:\/\/advancebusiness.us\/wp-content\/uploads\/2023\/09\/primer-plano-economista-que-usa-calculadora-mientras-revisa-facturas-impuestos-oficina-768x512.jpg 768w, https:\/\/advancebusiness.us\/wp-content\/uploads\/2023\/09\/primer-plano-economista-que-usa-calculadora-mientras-revisa-facturas-impuestos-oficina-1536x1024.jpg 1536w, https:\/\/advancebusiness.us\/wp-content\/uploads\/2023\/09\/primer-plano-economista-que-usa-calculadora-mientras-revisa-facturas-impuestos-oficina-2048x1365.jpg 2048w\" sizes=\"(max-width: 1024px) 100vw, 1024px\" \/>\t\t\t\t\t\t\t\t\t\t\t\t\t\t<\/div>\n\t\t\t\t\t\t<\/div>\n\t\t\t\t<\/div>\n\t\t\t\t\t\t<\/div>\n\t\t\t\t\t<\/div>\n\t\t<\/div>\n\t\t\t\t<div class=\"elementor-column elementor-col-50 elementor-top-column elementor-element elementor-element-6add789\" data-id=\"6add789\" data-element_type=\"column\">\n\t\t\t<div class=\"elementor-column-wrap elementor-element-populated\">\n\t\t\t\t\t\t\t<div class=\"elementor-widget-wrap\">\n\t\t\t\t\t\t<div class=\"elementor-element elementor-element-34d89e4 elementor-widget elementor-widget-heading\" data-id=\"34d89e4\" data-element_type=\"widget\" data-widget_type=\"heading.default\">\n\t\t\t\t<div class=\"elementor-widget-container\">\n\t\t\t<style>\/*! elementor - v3.16.0 - 17-10-2023 *\/\n.elementor-heading-title{padding:0;margin:0;line-height:1}.elementor-widget-heading .elementor-heading-title[class*=elementor-size-]>a{color:inherit;font-size:inherit;line-height:inherit}.elementor-widget-heading .elementor-heading-title.elementor-size-small{font-size:15px}.elementor-widget-heading .elementor-heading-title.elementor-size-medium{font-size:19px}.elementor-widget-heading .elementor-heading-title.elementor-size-large{font-size:29px}.elementor-widget-heading .elementor-heading-title.elementor-size-xl{font-size:39px}.elementor-widget-heading .elementor-heading-title.elementor-size-xxl{font-size:59px}<\/style><h3 class=\"elementor-heading-title elementor-size-default\">Accurate Transaction Recording<\/h3>\t\t<\/div>\n\t\t\t\t<\/div>\n\t\t\t\t<div class=\"elementor-element elementor-element-dbbabac elementor-widget elementor-widget-text-editor\" data-id=\"dbbabac\" data-element_type=\"widget\" data-widget_type=\"text-editor.default\">\n\t\t\t\t<div class=\"elementor-widget-container\">\n\t\t\t\t\t\t\t\t<div class=\"elementor-text-editor elementor-clearfix\">\n\t\t\t\t<p>Our team will be in charge of meticulously recording all of your company&#8217;s financial transactions. This includes income, expenses, billing, payments, payroll and any other relevant financial operations. We will maintain a detailed record that will serve as a basis for making decisions.<\/p>\t\t\t\t\t<\/div>\n\t\t\t\t\t\t<\/div>\n\t\t\t\t<\/div>\n\t\t\t\t<div class=\"elementor-element elementor-element-f7bf317 elementor-widget elementor-widget-heading\" data-id=\"f7bf317\" data-element_type=\"widget\" data-widget_type=\"heading.default\">\n\t\t\t\t<div class=\"elementor-widget-container\">\n\t\t\t<h4 class=\"elementor-heading-title elementor-size-default\">Bank reconciliation<\/h4>\t\t<\/div>\n\t\t\t\t<\/div>\n\t\t\t\t<div class=\"elementor-element elementor-element-94f9c78 elementor-widget elementor-widget-text-editor\" data-id=\"94f9c78\" data-element_type=\"widget\" data-widget_type=\"text-editor.default\">\n\t\t\t\t<div class=\"elementor-widget-container\">\n\t\t\t\t\t\t\t\t<div class=\"elementor-text-editor elementor-clearfix\">\n\t\t\t\t<p>We will review and reconcile your bank statements to ensure that each transaction is correctly recorded in your accounting books. This reconciliation is essential to detect and correct discrepancies, ensuring the integrity of your financial records.<\/p>\t\t\t\t\t<\/div>\n\t\t\t\t\t\t<\/div>\n\t\t\t\t<\/div>\n\t\t\t\t\t\t<\/div>\n\t\t\t\t\t<\/div>\n\t\t<\/div>\n\t\t\t\t\t\t\t\t<\/div>\n\t\t\t\t\t<\/div>\n\t\t<\/section>\n\t\t\t\t<section class=\"elementor-section elementor-top-section elementor-element elementor-element-646e400 elementor-section-full_width elementor-section-height-default elementor-section-height-default\" data-id=\"646e400\" data-element_type=\"section\" data-settings=\"{&quot;background_background&quot;:&quot;classic&quot;}\">\n\t\t\t\t\t\t<div class=\"elementor-container elementor-column-gap-default\">\n\t\t\t\t\t\t\t<div class=\"elementor-row\">\n\t\t\t\t\t<div class=\"elementor-column elementor-col-100 elementor-top-column elementor-element elementor-element-859a9da\" data-id=\"859a9da\" data-element_type=\"column\">\n\t\t\t<div class=\"elementor-column-wrap elementor-element-populated\">\n\t\t\t\t\t\t\t<div class=\"elementor-widget-wrap\">\n\t\t\t\t\t\t<div class=\"elementor-element elementor-element-8834e1b elementor-widget elementor-widget-heading\" data-id=\"8834e1b\" data-element_type=\"widget\" data-widget_type=\"heading.default\">\n\t\t\t\t<div class=\"elementor-widget-container\">\n\t\t\t<h3 class=\"elementor-heading-title elementor-size-xl\">Boost your business today! \u200b<\/h3>\t\t<\/div>\n\t\t\t\t<\/div>\n\t\t\t\t<div class=\"elementor-element elementor-element-a23098f elementor-widget elementor-widget-heading\" data-id=\"a23098f\" data-element_type=\"widget\" data-widget_type=\"heading.default\">\n\t\t\t\t<div class=\"elementor-widget-container\">\n\t\t\t<p class=\"elementor-heading-title elementor-size-medium\">Contact us for a free consultation.<\/p>\t\t<\/div>\n\t\t\t\t<\/div>\n\t\t\t\t<div class=\"elementor-element elementor-element-bdaf164 elementor-align-center elementor-widget elementor-widget-button\" data-id=\"bdaf164\" data-element_type=\"widget\" data-widget_type=\"button.default\">\n\t\t\t\t<div class=\"elementor-widget-container\">\n\t\t\t\t\t<div class=\"elementor-button-wrapper\">\n\t\t\t<a class=\"elementor-button elementor-button-link elementor-size-lg\" href=\"tel:+1%20(402)%20889-5742\">\n\t\t\t\t\t\t<span class=\"elementor-button-content-wrapper\">\n\t\t\t\t\t\t<span class=\"elementor-button-icon elementor-align-icon-left\">\n\t\t\t\t<i aria-hidden=\"true\" class=\"flaticon flaticon-phone-call\"><\/i>\t\t\t<\/span>\n\t\t\t\t\t\t<span class=\"elementor-button-text\">CALL US<\/span>\n\t\t<\/span>\n\t\t\t\t\t<\/a>\n\t\t<\/div>\n\t\t\t\t<\/div>\n\t\t\t\t<\/div>\n\t\t\t\t\t\t<\/div>\n\t\t\t\t\t<\/div>\n\t\t<\/div>\n\t\t\t\t\t\t\t\t<\/div>\n\t\t\t\t\t<\/div>\n\t\t<\/section>\n\t\t\t\t<section class=\"elementor-section elementor-top-section elementor-element elementor-element-3526997 elementor-section-boxed elementor-section-height-default elementor-section-height-default\" data-id=\"3526997\" data-element_type=\"section\">\n\t\t\t\t\t\t<div class=\"elementor-container elementor-column-gap-default\">\n\t\t\t\t\t\t\t<div class=\"elementor-row\">\n\t\t\t\t\t<div class=\"elementor-column elementor-col-50 elementor-top-column elementor-element elementor-element-0d805d4\" data-id=\"0d805d4\" data-element_type=\"column\">\n\t\t\t<div class=\"elementor-column-wrap elementor-element-populated\">\n\t\t\t\t\t\t\t<div class=\"elementor-widget-wrap\">\n\t\t\t\t\t\t<div class=\"elementor-element elementor-element-47b176f elementor-widget elementor-widget-image\" data-id=\"47b176f\" data-element_type=\"widget\" data-widget_type=\"image.default\">\n\t\t\t\t<div class=\"elementor-widget-container\">\n\t\t\t\t\t\t\t\t<div class=\"elementor-image\">\n\t\t\t\t\t\t\t\t\t\t\t\t<img loading=\"lazy\" decoding=\"async\" width=\"819\" height=\"1024\" src=\"https:\/\/advancebusiness.us\/wp-content\/uploads\/2023\/09\/advance-business-center-servicios-bookkeping-contabilidad-819x1024.jpg\" class=\"attachment-large size-large wp-image-4127\" alt=\"Bookkeping\" srcset=\"https:\/\/advancebusiness.us\/wp-content\/uploads\/2023\/09\/advance-business-center-servicios-bookkeping-contabilidad-819x1024.jpg 819w, https:\/\/advancebusiness.us\/wp-content\/uploads\/2023\/09\/advance-business-center-servicios-bookkeping-contabilidad-scaled-1080x1350.jpg 1080w, https:\/\/advancebusiness.us\/wp-content\/uploads\/2023\/09\/advance-business-center-servicios-bookkeping-contabilidad-240x300.jpg 240w, https:\/\/advancebusiness.us\/wp-content\/uploads\/2023\/09\/advance-business-center-servicios-bookkeping-contabilidad-768x960.jpg 768w, https:\/\/advancebusiness.us\/wp-content\/uploads\/2023\/09\/advance-business-center-servicios-bookkeping-contabilidad-1229x1536.jpg 1229w, https:\/\/advancebusiness.us\/wp-content\/uploads\/2023\/09\/advance-business-center-servicios-bookkeping-contabilidad-1638x2048.jpg 1638w, https:\/\/advancebusiness.us\/wp-content\/uploads\/2023\/09\/advance-business-center-servicios-bookkeping-contabilidad-scaled.jpg 2048w\" sizes=\"(max-width: 819px) 100vw, 819px\" \/>\t\t\t\t\t\t\t\t\t\t\t\t\t\t<\/div>\n\t\t\t\t\t\t<\/div>\n\t\t\t\t<\/div>\n\t\t\t\t\t\t<\/div>\n\t\t\t\t\t<\/div>\n\t\t<\/div>\n\t\t\t\t<div class=\"elementor-column elementor-col-50 elementor-top-column elementor-element elementor-element-cb3e151\" data-id=\"cb3e151\" data-element_type=\"column\">\n\t\t\t<div class=\"elementor-column-wrap elementor-element-populated\">\n\t\t\t\t\t\t\t<div class=\"elementor-widget-wrap\">\n\t\t\t\t\t\t<div class=\"elementor-element elementor-element-3e0f548 elementor-widget elementor-widget-heading\" data-id=\"3e0f548\" data-element_type=\"widget\" data-widget_type=\"heading.default\">\n\t\t\t\t<div class=\"elementor-widget-container\">\n\t\t\t<h4 class=\"elementor-heading-title elementor-size-default\">Financial reports<\/h4>\t\t<\/div>\n\t\t\t\t<\/div>\n\t\t\t\t<div class=\"elementor-element elementor-element-17420b3 elementor-widget elementor-widget-text-editor\" data-id=\"17420b3\" data-element_type=\"widget\" data-widget_type=\"text-editor.default\">\n\t\t\t\t<div class=\"elementor-widget-container\">\n\t\t\t\t\t\t\t\t<div class=\"elementor-text-editor elementor-clearfix\">\n\t\t\t\t<p>We will provide you with regular, easy-to-understand financial reports that will give you a clear view of the financial health of your business. These reports will include income statements, balance sheets, cash flow, and any other specific reports you need to make strategic decisions.<\/p>\t\t\t\t\t<\/div>\n\t\t\t\t\t\t<\/div>\n\t\t\t\t<\/div>\n\t\t\t\t<div class=\"elementor-element elementor-element-30e3bd9 elementor-widget elementor-widget-heading\" data-id=\"30e3bd9\" data-element_type=\"widget\" data-widget_type=\"heading.default\">\n\t\t\t\t<div class=\"elementor-widget-container\">\n\t\t\t<h4 class=\"elementor-heading-title elementor-size-default\">Basic Financial Advice<\/h4>\t\t<\/div>\n\t\t\t\t<\/div>\n\t\t\t\t<div class=\"elementor-element elementor-element-ef600a7 elementor-widget elementor-widget-text-editor\" data-id=\"ef600a7\" data-element_type=\"widget\" data-widget_type=\"text-editor.default\">\n\t\t\t\t<div class=\"elementor-widget-container\">\n\t\t\t\t\t\t\t\t<div class=\"elementor-text-editor elementor-clearfix\">\n\t\t\t\t<p>As a business consulting company, we know that good accounting is key to making strategic decisions. We will provide you with basic financial advice, helping you interpret accounting reports and providing you with valuable information to improve the financial efficiency of your company.<\/p>\t\t\t\t\t<\/div>\n\t\t\t\t\t\t<\/div>\n\t\t\t\t<\/div>\n\t\t\t\t<div class=\"elementor-element elementor-element-6389eee elementor-widget elementor-widget-text-editor\" data-id=\"6389eee\" data-element_type=\"widget\" data-widget_type=\"text-editor.default\">\n\t\t\t\t<div class=\"elementor-widget-container\">\n\t\t\t\t\t\t\t\t<div class=\"elementor-text-editor elementor-clearfix\">\n\t\t\t\t<p style=\"text-align: left;\">At Advance Business Center, our commitment is to be your trusted partner in the financial success of your company. Our bookkeeping service allows you to maintain precise control of your finances, ensuring you can make important decisions and grow sustainably. Don&#8217;t let accounting distract you from your business goals; Contact us today and let us take care of your accounting needs while you focus on driving your business to success!<\/p>\t\t\t\t\t<\/div>\n\t\t\t\t\t\t<\/div>\n\t\t\t\t<\/div>\n\t\t\t\t\t\t<\/div>\n\t\t\t\t\t<\/div>\n\t\t<\/div>\n\t\t\t\t\t\t\t\t<\/div>\n\t\t\t\t\t<\/div>\n\t\t<\/section>\n\t\t\t\t\t\t\t\t\t<\/div>\n\t\t\t<\/div>\n\t\t\t\t\t<\/div>\n\t\t","protected":false},"excerpt":{"rendered":"<p>Nuestro servicio de formaci\u00f3n de empresas est\u00e1 dise\u00f1ado para hacer realidad tus ideas de negocio de manera eficiente y profesional. Nos encargamos de cada paso crucial en el proceso de establecer tu empresa, asegur\u00e1ndonos de que todo est\u00e9 en orden y legalmente conforme para que puedas concentrarte en lo que haces mejor: hacer crecer tu negocio.<\/p>\n","protected":false},"author":1,"featured_media":4119,"parent":33,"menu_order":0,"comment_status":"closed","ping_status":"closed","template":"","meta":{"_monsterinsights_skip_tracking":false,"_monsterinsights_sitenote_active":false,"_monsterinsights_sitenote_note":"","_monsterinsights_sitenote_category":0,"footnotes":""},"class_list":["post-4116","page","type-page","status-publish","has-post-thumbnail","hentry"],"aioseo_notices":[],"_links":{"self":[{"href":"https:\/\/advancebusiness.us\/index.php\/wp-json\/wp\/v2\/pages\/4116"}],"collection":[{"href":"https:\/\/advancebusiness.us\/index.php\/wp-json\/wp\/v2\/pages"}],"about":[{"href":"https:\/\/advancebusiness.us\/index.php\/wp-json\/wp\/v2\/types\/page"}],"author":[{"embeddable":true,"href":"https:\/\/advancebusiness.us\/index.php\/wp-json\/wp\/v2\/users\/1"}],"replies":[{"embeddable":true,"href":"https:\/\/advancebusiness.us\/index.php\/wp-json\/wp\/v2\/comments?post=4116"}],"version-history":[{"count":21,"href":"https:\/\/advancebusiness.us\/index.php\/wp-json\/wp\/v2\/pages\/4116\/revisions"}],"predecessor-version":[{"id":4779,"href":"https:\/\/advancebusiness.us\/index.php\/wp-json\/wp\/v2\/pages\/4116\/revisions\/4779"}],"up":[{"embeddable":true,"href":"https:\/\/advancebusiness.us\/index.php\/wp-json\/wp\/v2\/pages\/33"}],"wp:featuredmedia":[{"embeddable":true,"href":"https:\/\/advancebusiness.us\/index.php\/wp-json\/wp\/v2\/media\/4119"}],"wp:attachment":[{"href":"https:\/\/advancebusiness.us\/index.php\/wp-json\/wp\/v2\/media?parent=4116"}],"curies":[{"name":"wp","href":"https:\/\/api.w.org\/{rel}","templated":true}]}}