{"id":4027,"date":"2023-09-28T03:37:32","date_gmt":"2023-09-28T03:37:32","guid":{"rendered":"https:\/\/advancebusiness.us\/?page_id=4027"},"modified":"2024-08-26T12:33:06","modified_gmt":"2024-08-26T17:33:06","slug":"company-formation-llc","status":"publish","type":"page","link":"https:\/\/advancebusiness.us\/index.php\/services\/company-formation-llc\/","title":{"rendered":"Company Formation LLC"},"content":{"rendered":"\t\t<div data-elementor-type=\"wp-page\" data-elementor-id=\"4027\" class=\"elementor elementor-4027\">\n\t\t\t\t\t\t<div class=\"elementor-inner\">\n\t\t\t\t<div class=\"elementor-section-wrap\">\n\t\t\t\t\t\t\t\t\t<section class=\"elementor-section elementor-top-section elementor-element elementor-element-f3520d2 elementor-section-boxed elementor-section-height-default elementor-section-height-default\" data-id=\"f3520d2\" data-element_type=\"section\">\n\t\t\t\t\t\t<div class=\"elementor-container elementor-column-gap-default\">\n\t\t\t\t\t\t\t<div class=\"elementor-row\">\n\t\t\t\t\t<div class=\"elementor-column elementor-col-16 elementor-top-column elementor-element elementor-element-b4fbff2\" data-id=\"b4fbff2\" data-element_type=\"column\">\n\t\t\t<div class=\"elementor-column-wrap\">\n\t\t\t\t\t\t\t<div class=\"elementor-widget-wrap\">\n\t\t\t\t\t\t\t\t<\/div>\n\t\t\t\t\t<\/div>\n\t\t<\/div>\n\t\t\t\t<div class=\"elementor-column elementor-col-66 elementor-top-column elementor-element elementor-element-801bc3c\" data-id=\"801bc3c\" data-element_type=\"column\">\n\t\t\t<div class=\"elementor-column-wrap elementor-element-populated\">\n\t\t\t\t\t\t\t<div class=\"elementor-widget-wrap\">\n\t\t\t\t\t\t<div class=\"elementor-element elementor-element-d6469a1 elementor-widget elementor-widget-text-editor\" data-id=\"d6469a1\" data-element_type=\"widget\" data-widget_type=\"text-editor.default\">\n\t\t\t\t<div class=\"elementor-widget-container\">\n\t\t\t<style>\/*! elementor - v3.16.0 - 17-10-2023 *\/\n.elementor-widget-text-editor.elementor-drop-cap-view-stacked .elementor-drop-cap{background-color:#69727d;color:#fff}.elementor-widget-text-editor.elementor-drop-cap-view-framed .elementor-drop-cap{color:#69727d;border:3px solid;background-color:transparent}.elementor-widget-text-editor:not(.elementor-drop-cap-view-default) .elementor-drop-cap{margin-top:8px}.elementor-widget-text-editor:not(.elementor-drop-cap-view-default) .elementor-drop-cap-letter{width:1em;height:1em}.elementor-widget-text-editor .elementor-drop-cap{float:left;text-align:center;line-height:1;font-size:50px}.elementor-widget-text-editor .elementor-drop-cap-letter{display:inline-block}<\/style>\t\t\t\t\t<div class=\"elementor-text-editor elementor-clearfix\">\n\t\t\t\t<p>Welcome to <strong>Advance Business Center<\/strong>, your strategic ally on the path to business success. Our business formation service is designed to make your business ideas a reality in an efficient and professional manner. We take care of every crucial step in the process of setting up your business, making sure everything is in order and legally compliant so you can focus on what you do best: growing your business.<\/p>\t\t\t\t\t<\/div>\n\t\t\t\t\t\t<\/div>\n\t\t\t\t<\/div>\n\t\t\t\t\t\t<\/div>\n\t\t\t\t\t<\/div>\n\t\t<\/div>\n\t\t\t\t<div class=\"elementor-column elementor-col-16 elementor-top-column elementor-element elementor-element-ab24fdf\" data-id=\"ab24fdf\" data-element_type=\"column\">\n\t\t\t<div class=\"elementor-column-wrap\">\n\t\t\t\t\t\t\t<div class=\"elementor-widget-wrap\">\n\t\t\t\t\t\t\t\t<\/div>\n\t\t\t\t\t<\/div>\n\t\t<\/div>\n\t\t\t\t\t\t\t\t<\/div>\n\t\t\t\t\t<\/div>\n\t\t<\/section>\n\t\t\t\t<section class=\"elementor-section elementor-top-section elementor-element elementor-element-1e04b34 elementor-section-boxed elementor-section-height-default elementor-section-height-default\" data-id=\"1e04b34\" data-element_type=\"section\">\n\t\t\t\t\t\t<div class=\"elementor-container elementor-column-gap-default\">\n\t\t\t\t\t\t\t<div class=\"elementor-row\">\n\t\t\t\t\t<div class=\"elementor-column elementor-col-50 elementor-top-column elementor-element elementor-element-172a0bb\" data-id=\"172a0bb\" data-element_type=\"column\">\n\t\t\t<div class=\"elementor-column-wrap elementor-element-populated\">\n\t\t\t\t\t\t\t<div class=\"elementor-widget-wrap\">\n\t\t\t\t\t\t<div class=\"elementor-element elementor-element-92d5627 elementor-widget elementor-widget-image\" data-id=\"92d5627\" data-element_type=\"widget\" data-widget_type=\"image.default\">\n\t\t\t\t<div class=\"elementor-widget-container\">\n\t\t\t<style>\/*! elementor - v3.16.0 - 17-10-2023 *\/\n.elementor-widget-image{text-align:center}.elementor-widget-image a{display:inline-block}.elementor-widget-image a img[src$=\".svg\"]{width:48px}.elementor-widget-image img{vertical-align:middle;display:inline-block}<\/style>\t\t\t\t\t<div class=\"elementor-image\">\n\t\t\t\t\t\t\t\t\t\t\t\t<img loading=\"lazy\" decoding=\"async\" width=\"1024\" height=\"1024\" src=\"https:\/\/advancebusiness.us\/wp-content\/uploads\/2024\/05\/4-1024x1024.png\" class=\"attachment-large size-large wp-image-4558\" alt=\"\" srcset=\"https:\/\/advancebusiness.us\/wp-content\/uploads\/2024\/05\/4-1024x1024.png 1024w, https:\/\/advancebusiness.us\/wp-content\/uploads\/2024\/05\/4-300x300.png 300w, https:\/\/advancebusiness.us\/wp-content\/uploads\/2024\/05\/4-150x150.png 150w, https:\/\/advancebusiness.us\/wp-content\/uploads\/2024\/05\/4-768x768.png 768w, https:\/\/advancebusiness.us\/wp-content\/uploads\/2024\/05\/4-440x440.png 440w, https:\/\/advancebusiness.us\/wp-content\/uploads\/2024\/05\/4-180x180.png 180w, https:\/\/advancebusiness.us\/wp-content\/uploads\/2024\/05\/4-120x120.png 120w, https:\/\/advancebusiness.us\/wp-content\/uploads\/2024\/05\/4-540x540.png 540w, https:\/\/advancebusiness.us\/wp-content\/uploads\/2024\/05\/4-240x240.png 240w, https:\/\/advancebusiness.us\/wp-content\/uploads\/2024\/05\/4.png 1080w\" sizes=\"(max-width: 1024px) 100vw, 1024px\" \/>\t\t\t\t\t\t\t\t\t\t\t\t\t\t<\/div>\n\t\t\t\t\t\t<\/div>\n\t\t\t\t<\/div>\n\t\t\t\t\t\t<\/div>\n\t\t\t\t\t<\/div>\n\t\t<\/div>\n\t\t\t\t<div class=\"elementor-column elementor-col-50 elementor-top-column elementor-element elementor-element-6add789\" data-id=\"6add789\" data-element_type=\"column\">\n\t\t\t<div class=\"elementor-column-wrap elementor-element-populated\">\n\t\t\t\t\t\t\t<div class=\"elementor-widget-wrap\">\n\t\t\t\t\t\t<div class=\"elementor-element elementor-element-34d89e4 elementor-widget elementor-widget-heading\" data-id=\"34d89e4\" data-element_type=\"widget\" data-widget_type=\"heading.default\">\n\t\t\t\t<div class=\"elementor-widget-container\">\n\t\t\t<style>\/*! elementor - v3.16.0 - 17-10-2023 *\/\n.elementor-heading-title{padding:0;margin:0;line-height:1}.elementor-widget-heading .elementor-heading-title[class*=elementor-size-]>a{color:inherit;font-size:inherit;line-height:inherit}.elementor-widget-heading .elementor-heading-title.elementor-size-small{font-size:15px}.elementor-widget-heading .elementor-heading-title.elementor-size-medium{font-size:19px}.elementor-widget-heading .elementor-heading-title.elementor-size-large{font-size:29px}.elementor-widget-heading .elementor-heading-title.elementor-size-xl{font-size:39px}.elementor-widget-heading .elementor-heading-title.elementor-size-xxl{font-size:59px}<\/style><h3 class=\"elementor-heading-title elementor-size-default\">Name Verification<\/h3>\t\t<\/div>\n\t\t\t\t<\/div>\n\t\t\t\t<div class=\"elementor-element elementor-element-dbbabac elementor-widget elementor-widget-text-editor\" data-id=\"dbbabac\" data-element_type=\"widget\" data-widget_type=\"text-editor.default\">\n\t\t\t\t<div class=\"elementor-widget-container\">\n\t\t\t\t\t\t\t\t<div class=\"elementor-text-editor elementor-clearfix\">\n\t\t\t\tA crucial step in forming your company is to ensure that the name chosen is unique and available for use. Our team will research and verify name availability to ensure your business can operate under your desired name without legal issues or trademark conflicts.\n\t\t\t\t\t<\/div>\n\t\t\t\t\t\t<\/div>\n\t\t\t\t<\/div>\n\t\t\t\t<div class=\"elementor-element elementor-element-f7bf317 elementor-widget elementor-widget-heading\" data-id=\"f7bf317\" data-element_type=\"widget\" data-widget_type=\"heading.default\">\n\t\t\t\t<div class=\"elementor-widget-container\">\n\t\t\t<h4 class=\"elementor-heading-title elementor-size-default\">Company Registration<\/h4>\t\t<\/div>\n\t\t\t\t<\/div>\n\t\t\t\t<div class=\"elementor-element elementor-element-94f9c78 elementor-widget elementor-widget-text-editor\" data-id=\"94f9c78\" data-element_type=\"widget\" data-widget_type=\"text-editor.default\">\n\t\t\t\t<div class=\"elementor-widget-container\">\n\t\t\t\t\t\t\t\t<div class=\"elementor-text-editor elementor-clearfix\">\n\t\t\t\tWe will take care of all the procedures and documentation necessary to legally register your company under the chosen entity.\n\t\t\t\t\t<\/div>\n\t\t\t\t\t\t<\/div>\n\t\t\t\t<\/div>\n\t\t\t\t\t\t<\/div>\n\t\t\t\t\t<\/div>\n\t\t<\/div>\n\t\t\t\t\t\t\t\t<\/div>\n\t\t\t\t\t<\/div>\n\t\t<\/section>\n\t\t\t\t<section class=\"elementor-section elementor-top-section elementor-element elementor-element-646e400 elementor-section-full_width elementor-section-height-default elementor-section-height-default\" data-id=\"646e400\" data-element_type=\"section\" data-settings=\"{&quot;background_background&quot;:&quot;classic&quot;}\">\n\t\t\t\t\t\t<div class=\"elementor-container elementor-column-gap-default\">\n\t\t\t\t\t\t\t<div class=\"elementor-row\">\n\t\t\t\t\t<div class=\"elementor-column elementor-col-100 elementor-top-column elementor-element elementor-element-859a9da\" data-id=\"859a9da\" data-element_type=\"column\">\n\t\t\t<div class=\"elementor-column-wrap elementor-element-populated\">\n\t\t\t\t\t\t\t<div class=\"elementor-widget-wrap\">\n\t\t\t\t\t\t<div class=\"elementor-element elementor-element-8834e1b elementor-widget elementor-widget-heading\" data-id=\"8834e1b\" data-element_type=\"widget\" data-widget_type=\"heading.default\">\n\t\t\t\t<div class=\"elementor-widget-container\">\n\t\t\t<h3 class=\"elementor-heading-title elementor-size-xl\">Boost your business today!<\/h3>\t\t<\/div>\n\t\t\t\t<\/div>\n\t\t\t\t<div class=\"elementor-element elementor-element-a23098f elementor-widget elementor-widget-heading\" data-id=\"a23098f\" data-element_type=\"widget\" data-widget_type=\"heading.default\">\n\t\t\t\t<div class=\"elementor-widget-container\">\n\t\t\t<p class=\"elementor-heading-title elementor-size-medium\">Contact us for a free consultation.<\/p>\t\t<\/div>\n\t\t\t\t<\/div>\n\t\t\t\t<div class=\"elementor-element elementor-element-bdaf164 elementor-align-center elementor-widget elementor-widget-button\" data-id=\"bdaf164\" data-element_type=\"widget\" data-widget_type=\"button.default\">\n\t\t\t\t<div class=\"elementor-widget-container\">\n\t\t\t\t\t<div class=\"elementor-button-wrapper\">\n\t\t\t<a class=\"elementor-button elementor-button-link elementor-size-lg\" href=\"tel:+1%20(402)%20889-5742\">\n\t\t\t\t\t\t<span class=\"elementor-button-content-wrapper\">\n\t\t\t\t\t\t<span class=\"elementor-button-icon elementor-align-icon-left\">\n\t\t\t\t<i aria-hidden=\"true\" class=\"flaticon flaticon-phone-call\"><\/i>\t\t\t<\/span>\n\t\t\t\t\t\t<span class=\"elementor-button-text\">CALL US<\/span>\n\t\t<\/span>\n\t\t\t\t\t<\/a>\n\t\t<\/div>\n\t\t\t\t<\/div>\n\t\t\t\t<\/div>\n\t\t\t\t\t\t<\/div>\n\t\t\t\t\t<\/div>\n\t\t<\/div>\n\t\t\t\t\t\t\t\t<\/div>\n\t\t\t\t\t<\/div>\n\t\t<\/section>\n\t\t\t\t<section class=\"elementor-section elementor-top-section elementor-element elementor-element-3526997 elementor-section-boxed elementor-section-height-default elementor-section-height-default\" data-id=\"3526997\" data-element_type=\"section\">\n\t\t\t\t\t\t<div class=\"elementor-container elementor-column-gap-default\">\n\t\t\t\t\t\t\t<div class=\"elementor-row\">\n\t\t\t\t\t<div class=\"elementor-column elementor-col-50 elementor-top-column elementor-element elementor-element-0d805d4\" data-id=\"0d805d4\" data-element_type=\"column\">\n\t\t\t<div class=\"elementor-column-wrap elementor-element-populated\">\n\t\t\t\t\t\t\t<div class=\"elementor-widget-wrap\">\n\t\t\t\t\t\t<div class=\"elementor-element elementor-element-47b176f elementor-widget elementor-widget-image\" data-id=\"47b176f\" data-element_type=\"widget\" data-widget_type=\"image.default\">\n\t\t\t\t<div class=\"elementor-widget-container\">\n\t\t\t\t\t\t\t\t<div class=\"elementor-image\">\n\t\t\t\t\t\t\t\t\t\t\t\t<img loading=\"lazy\" decoding=\"async\" width=\"1024\" height=\"1024\" src=\"https:\/\/advancebusiness.us\/wp-content\/uploads\/2024\/05\/Fotos-para-la-pagian-de-advance-1-1024x1024.png\" class=\"attachment-large size-large wp-image-4559\" alt=\"\" srcset=\"https:\/\/advancebusiness.us\/wp-content\/uploads\/2024\/05\/Fotos-para-la-pagian-de-advance-1-1024x1024.png 1024w, https:\/\/advancebusiness.us\/wp-content\/uploads\/2024\/05\/Fotos-para-la-pagian-de-advance-1-300x300.png 300w, https:\/\/advancebusiness.us\/wp-content\/uploads\/2024\/05\/Fotos-para-la-pagian-de-advance-1-150x150.png 150w, https:\/\/advancebusiness.us\/wp-content\/uploads\/2024\/05\/Fotos-para-la-pagian-de-advance-1-768x768.png 768w, https:\/\/advancebusiness.us\/wp-content\/uploads\/2024\/05\/Fotos-para-la-pagian-de-advance-1-440x440.png 440w, https:\/\/advancebusiness.us\/wp-content\/uploads\/2024\/05\/Fotos-para-la-pagian-de-advance-1-180x180.png 180w, https:\/\/advancebusiness.us\/wp-content\/uploads\/2024\/05\/Fotos-para-la-pagian-de-advance-1-120x120.png 120w, https:\/\/advancebusiness.us\/wp-content\/uploads\/2024\/05\/Fotos-para-la-pagian-de-advance-1-540x540.png 540w, https:\/\/advancebusiness.us\/wp-content\/uploads\/2024\/05\/Fotos-para-la-pagian-de-advance-1-240x240.png 240w, https:\/\/advancebusiness.us\/wp-content\/uploads\/2024\/05\/Fotos-para-la-pagian-de-advance-1.png 1080w\" sizes=\"(max-width: 1024px) 100vw, 1024px\" \/>\t\t\t\t\t\t\t\t\t\t\t\t\t\t<\/div>\n\t\t\t\t\t\t<\/div>\n\t\t\t\t<\/div>\n\t\t\t\t\t\t<\/div>\n\t\t\t\t\t<\/div>\n\t\t<\/div>\n\t\t\t\t<div class=\"elementor-column elementor-col-50 elementor-top-column elementor-element elementor-element-cb3e151\" data-id=\"cb3e151\" data-element_type=\"column\">\n\t\t\t<div class=\"elementor-column-wrap elementor-element-populated\">\n\t\t\t\t\t\t\t<div class=\"elementor-widget-wrap\">\n\t\t\t\t\t\t<div class=\"elementor-element elementor-element-3e0f548 elementor-widget elementor-widget-heading\" data-id=\"3e0f548\" data-element_type=\"widget\" data-widget_type=\"heading.default\">\n\t\t\t\t<div class=\"elementor-widget-container\">\n\t\t\t<h4 class=\"elementor-heading-title elementor-size-default\">Publication in the Local Newspaper<\/h4>\t\t<\/div>\n\t\t\t\t<\/div>\n\t\t\t\t<div class=\"elementor-element elementor-element-17420b3 elementor-widget elementor-widget-text-editor\" data-id=\"17420b3\" data-element_type=\"widget\" data-widget_type=\"text-editor.default\">\n\t\t\t\t<div class=\"elementor-widget-container\">\n\t\t\t\t\t\t\t\t<div class=\"elementor-text-editor elementor-clearfix\">\n\t\t\t\t<p>In some jurisdictions, it is necessary to publish an advertisement about your company formation in a local newspaper. This legal requirement may vary depending on location and type of entity. We will ensure that we comply with this requirement, where necessary, so that your business is in full compliance with local regulations.<\/p>\t\t\t\t\t<\/div>\n\t\t\t\t\t\t<\/div>\n\t\t\t\t<\/div>\n\t\t\t\t<div class=\"elementor-element elementor-element-30e3bd9 elementor-widget elementor-widget-heading\" data-id=\"30e3bd9\" data-element_type=\"widget\" data-widget_type=\"heading.default\">\n\t\t\t\t<div class=\"elementor-widget-container\">\n\t\t\t<h4 class=\"elementor-heading-title elementor-size-default\">Obtain your EIN<\/h4>\t\t<\/div>\n\t\t\t\t<\/div>\n\t\t\t\t<div class=\"elementor-element elementor-element-ef600a7 elementor-widget elementor-widget-text-editor\" data-id=\"ef600a7\" data-element_type=\"widget\" data-widget_type=\"text-editor.default\">\n\t\t\t\t<div class=\"elementor-widget-container\">\n\t\t\t\t\t\t\t\t<div class=\"elementor-text-editor elementor-clearfix\">\n\t\t\t\t<p>The EIN is essential for your business as it is required for tax purposes, hiring employees, and other business transactions. We will take care of requesting and efficiently managing the EIN before the Internal Revenue Administration (IRS), ensuring that your company has this vital number for its operation.<\/p>\t\t\t\t\t<\/div>\n\t\t\t\t\t\t<\/div>\n\t\t\t\t<\/div>\n\t\t\t\t<div class=\"elementor-element elementor-element-6389eee elementor-widget elementor-widget-text-editor\" data-id=\"6389eee\" data-element_type=\"widget\" data-widget_type=\"text-editor.default\">\n\t\t\t\t<div class=\"elementor-widget-container\">\n\t\t\t\t\t\t\t\t<div class=\"elementor-text-editor elementor-clearfix\">\n\t\t\t\t<p style=\"text-align: left;\">At Advance Business Center, we are committed to your success from day one. Our comprehensive business formation service provides you with the peace of mind of knowing that you are following the correct legal and administrative steps, allowing you to focus on growing your business. Contact us today and let&#8217;s start this exciting business journey together!<\/p>\t\t\t\t\t<\/div>\n\t\t\t\t\t\t<\/div>\n\t\t\t\t<\/div>\n\t\t\t\t\t\t<\/div>\n\t\t\t\t\t<\/div>\n\t\t<\/div>\n\t\t\t\t\t\t\t\t<\/div>\n\t\t\t\t\t<\/div>\n\t\t<\/section>\n\t\t\t\t\t\t\t\t\t<\/div>\n\t\t\t<\/div>\n\t\t\t\t\t<\/div>\n\t\t","protected":false},"excerpt":{"rendered":"<p>Nuestro servicio de formaci\u00f3n de empresas est\u00e1 dise\u00f1ado para hacer realidad tus ideas de negocio de manera eficiente y profesional. Nos encargamos de cada paso crucial en el proceso de establecer tu empresa, asegur\u00e1ndonos de que todo est\u00e9 en orden y legalmente conforme para que puedas concentrarte en lo que haces mejor: hacer crecer tu negocio.<\/p>\n","protected":false},"author":1,"featured_media":4676,"parent":33,"menu_order":0,"comment_status":"closed","ping_status":"closed","template":"","meta":{"_monsterinsights_skip_tracking":false,"_monsterinsights_sitenote_active":false,"_monsterinsights_sitenote_note":"","_monsterinsights_sitenote_category":0,"footnotes":""},"class_list":["post-4027","page","type-page","status-publish","has-post-thumbnail","hentry"],"aioseo_notices":[],"_links":{"self":[{"href":"https:\/\/advancebusiness.us\/index.php\/wp-json\/wp\/v2\/pages\/4027"}],"collection":[{"href":"https:\/\/advancebusiness.us\/index.php\/wp-json\/wp\/v2\/pages"}],"about":[{"href":"https:\/\/advancebusiness.us\/index.php\/wp-json\/wp\/v2\/types\/page"}],"author":[{"embeddable":true,"href":"https:\/\/advancebusiness.us\/index.php\/wp-json\/wp\/v2\/users\/1"}],"replies":[{"embeddable":true,"href":"https:\/\/advancebusiness.us\/index.php\/wp-json\/wp\/v2\/comments?post=4027"}],"version-history":[{"count":51,"href":"https:\/\/advancebusiness.us\/index.php\/wp-json\/wp\/v2\/pages\/4027\/revisions"}],"predecessor-version":[{"id":4858,"href":"https:\/\/advancebusiness.us\/index.php\/wp-json\/wp\/v2\/pages\/4027\/revisions\/4858"}],"up":[{"embeddable":true,"href":"https:\/\/advancebusiness.us\/index.php\/wp-json\/wp\/v2\/pages\/33"}],"wp:featuredmedia":[{"embeddable":true,"href":"https:\/\/advancebusiness.us\/index.php\/wp-json\/wp\/v2\/media\/4676"}],"wp:attachment":[{"href":"https:\/\/advancebusiness.us\/index.php\/wp-json\/wp\/v2\/media?parent=4027"}],"curies":[{"name":"wp","href":"https:\/\/api.w.org\/{rel}","templated":true}]}}