{"id":4118,"date":"2023-09-28T04:38:10","date_gmt":"2023-09-28T04:38:10","guid":{"rendered":"https:\/\/advancebusiness.us\/?page_id=4118"},"modified":"2024-06-26T14:25:11","modified_gmt":"2024-06-26T19:25:11","slug":"atencion-al-cliente-para-empresas","status":"publish","type":"page","link":"https:\/\/advancebusiness.us\/ES\/index.php\/servicios\/atencion-al-cliente-para-empresas\/","title":{"rendered":"Atenci\u00f3n al Cliente para tu empresa"},"content":{"rendered":"\t\t<div data-elementor-type=\"wp-page\" data-elementor-id=\"4118\" class=\"elementor elementor-4118\">\n\t\t\t\t\t\t<div class=\"elementor-inner\">\n\t\t\t\t<div class=\"elementor-section-wrap\">\n\t\t\t\t\t\t\t\t\t<section class=\"elementor-section elementor-top-section elementor-element elementor-element-f3520d2 elementor-section-boxed elementor-section-height-default elementor-section-height-default\" data-id=\"f3520d2\" data-element_type=\"section\">\n\t\t\t\t\t\t<div class=\"elementor-container elementor-column-gap-default\">\n\t\t\t\t\t\t\t<div class=\"elementor-row\">\n\t\t\t\t\t<div class=\"elementor-column elementor-col-16 elementor-top-column elementor-element elementor-element-b4fbff2\" data-id=\"b4fbff2\" data-element_type=\"column\">\n\t\t\t<div class=\"elementor-column-wrap\">\n\t\t\t\t\t\t\t<div class=\"elementor-widget-wrap\">\n\t\t\t\t\t\t\t\t<\/div>\n\t\t\t\t\t<\/div>\n\t\t<\/div>\n\t\t\t\t<div class=\"elementor-column elementor-col-66 elementor-top-column elementor-element elementor-element-801bc3c\" data-id=\"801bc3c\" data-element_type=\"column\">\n\t\t\t<div class=\"elementor-column-wrap elementor-element-populated\">\n\t\t\t\t\t\t\t<div class=\"elementor-widget-wrap\">\n\t\t\t\t\t\t<div class=\"elementor-element elementor-element-d6469a1 elementor-widget elementor-widget-text-editor\" data-id=\"d6469a1\" data-element_type=\"widget\" data-widget_type=\"text-editor.default\">\n\t\t\t\t<div class=\"elementor-widget-container\">\n\t\t\t<style>\/*! elementor - v3.16.0 - 17-10-2023 *\/\n.elementor-widget-text-editor.elementor-drop-cap-view-stacked .elementor-drop-cap{background-color:#69727d;color:#fff}.elementor-widget-text-editor.elementor-drop-cap-view-framed .elementor-drop-cap{color:#69727d;border:3px solid;background-color:transparent}.elementor-widget-text-editor:not(.elementor-drop-cap-view-default) .elementor-drop-cap{margin-top:8px}.elementor-widget-text-editor:not(.elementor-drop-cap-view-default) .elementor-drop-cap-letter{width:1em;height:1em}.elementor-widget-text-editor .elementor-drop-cap{float:left;text-align:center;line-height:1;font-size:50px}.elementor-widget-text-editor .elementor-drop-cap-letter{display:inline-block}<\/style>\t\t\t\t\t<div class=\"elementor-text-editor elementor-clearfix\">\n\t\t\t\t<p style=\"text-align: center;\">En <strong>Advance Business Center<\/strong>, creemos que brindar un servicio excepcional al cliente es fundamental para el \u00e9xito empresarial. Nuestro servicio de atenci\u00f3n al cliente est\u00e1 creado para ser la extensi\u00f3n de tu negocio, ofreciendo una experiencia positiva y satisfactoria a tus clientes en cada interacci\u00f3n. Aqu\u00ed tienes una descripci\u00f3n detallada de c\u00f3mo nuestro equipo puede elevar tu servicio al cliente a un nivel superior:<\/p>\t\t\t\t\t<\/div>\n\t\t\t\t\t\t<\/div>\n\t\t\t\t<\/div>\n\t\t\t\t\t\t<\/div>\n\t\t\t\t\t<\/div>\n\t\t<\/div>\n\t\t\t\t<div class=\"elementor-column elementor-col-16 elementor-top-column elementor-element elementor-element-ab24fdf\" data-id=\"ab24fdf\" data-element_type=\"column\">\n\t\t\t<div class=\"elementor-column-wrap\">\n\t\t\t\t\t\t\t<div class=\"elementor-widget-wrap\">\n\t\t\t\t\t\t\t\t<\/div>\n\t\t\t\t\t<\/div>\n\t\t<\/div>\n\t\t\t\t\t\t\t\t<\/div>\n\t\t\t\t\t<\/div>\n\t\t<\/section>\n\t\t\t\t<section class=\"elementor-section elementor-top-section elementor-element elementor-element-1e04b34 elementor-section-boxed elementor-section-height-default elementor-section-height-default\" data-id=\"1e04b34\" data-element_type=\"section\">\n\t\t\t\t\t\t<div class=\"elementor-container elementor-column-gap-default\">\n\t\t\t\t\t\t\t<div class=\"elementor-row\">\n\t\t\t\t\t<div class=\"elementor-column elementor-col-50 elementor-top-column elementor-element elementor-element-172a0bb\" data-id=\"172a0bb\" data-element_type=\"column\">\n\t\t\t<div class=\"elementor-column-wrap elementor-element-populated\">\n\t\t\t\t\t\t\t<div class=\"elementor-widget-wrap\">\n\t\t\t\t\t\t<div class=\"elementor-element elementor-element-92d5627 elementor-widget elementor-widget-image\" data-id=\"92d5627\" data-element_type=\"widget\" data-widget_type=\"image.default\">\n\t\t\t\t<div class=\"elementor-widget-container\">\n\t\t\t<style>\/*! elementor - v3.16.0 - 17-10-2023 *\/\n.elementor-widget-image{text-align:center}.elementor-widget-image a{display:inline-block}.elementor-widget-image a img[src$=\".svg\"]{width:48px}.elementor-widget-image img{vertical-align:middle;display:inline-block}<\/style>\t\t\t\t\t<div class=\"elementor-image\">\n\t\t\t\t\t\t\t\t\t\t\t\t<img loading=\"lazy\" decoding=\"async\" width=\"1024\" height=\"683\" src=\"https:\/\/advancebusiness.us\/ES\/wp-content\/uploads\/2023\/09\/retrato-mujer-trabajadora-servicio-al-cliente-1024x683.jpg\" class=\"attachment-large size-large wp-image-4031\" alt=\"Servicio al Cliente para Empresas\" srcset=\"https:\/\/advancebusiness.us\/ES\/wp-content\/uploads\/2023\/09\/retrato-mujer-trabajadora-servicio-al-cliente-1024x683.jpg 1024w, https:\/\/advancebusiness.us\/ES\/wp-content\/uploads\/2023\/09\/retrato-mujer-trabajadora-servicio-al-cliente-scaled-1080x720.jpg 1080w, https:\/\/advancebusiness.us\/ES\/wp-content\/uploads\/2023\/09\/retrato-mujer-trabajadora-servicio-al-cliente-300x200.jpg 300w, https:\/\/advancebusiness.us\/ES\/wp-content\/uploads\/2023\/09\/retrato-mujer-trabajadora-servicio-al-cliente-768x512.jpg 768w, https:\/\/advancebusiness.us\/ES\/wp-content\/uploads\/2023\/09\/retrato-mujer-trabajadora-servicio-al-cliente-1536x1024.jpg 1536w, https:\/\/advancebusiness.us\/ES\/wp-content\/uploads\/2023\/09\/retrato-mujer-trabajadora-servicio-al-cliente-2048x1365.jpg 2048w\" sizes=\"(max-width: 1024px) 100vw, 1024px\" \/>\t\t\t\t\t\t\t\t\t\t\t\t\t\t<\/div>\n\t\t\t\t\t\t<\/div>\n\t\t\t\t<\/div>\n\t\t\t\t\t\t<\/div>\n\t\t\t\t\t<\/div>\n\t\t<\/div>\n\t\t\t\t<div class=\"elementor-column elementor-col-50 elementor-top-column elementor-element elementor-element-6add789\" data-id=\"6add789\" data-element_type=\"column\">\n\t\t\t<div class=\"elementor-column-wrap elementor-element-populated\">\n\t\t\t\t\t\t\t<div class=\"elementor-widget-wrap\">\n\t\t\t\t\t\t<div class=\"elementor-element elementor-element-34d89e4 elementor-widget elementor-widget-heading\" data-id=\"34d89e4\" data-element_type=\"widget\" data-widget_type=\"heading.default\">\n\t\t\t\t<div class=\"elementor-widget-container\">\n\t\t\t<style>\/*! elementor - v3.16.0 - 17-10-2023 *\/\n.elementor-heading-title{padding:0;margin:0;line-height:1}.elementor-widget-heading .elementor-heading-title[class*=elementor-size-]>a{color:inherit;font-size:inherit;line-height:inherit}.elementor-widget-heading .elementor-heading-title.elementor-size-small{font-size:15px}.elementor-widget-heading .elementor-heading-title.elementor-size-medium{font-size:19px}.elementor-widget-heading .elementor-heading-title.elementor-size-large{font-size:29px}.elementor-widget-heading .elementor-heading-title.elementor-size-xl{font-size:39px}.elementor-widget-heading .elementor-heading-title.elementor-size-xxl{font-size:59px}<\/style><h3 class=\"elementor-heading-title elementor-size-default\">Atenci\u00f3n Personalizada<\/h3>\t\t<\/div>\n\t\t\t\t<\/div>\n\t\t\t\t<div class=\"elementor-element elementor-element-dbbabac elementor-widget elementor-widget-text-editor\" data-id=\"dbbabac\" data-element_type=\"widget\" data-widget_type=\"text-editor.default\">\n\t\t\t\t<div class=\"elementor-widget-container\">\n\t\t\t\t\t\t\t\t<div class=\"elementor-text-editor elementor-clearfix\">\n\t\t\t\t<p>Cada cliente es \u00fanico y merece una atenci\u00f3n personalizada. Nuestro equipo de atenci\u00f3n al cliente se sumerge en la comprensi\u00f3n de tus productos, servicios y valores para brindar respuestas y soluciones espec\u00edficas a las necesidades de tus clientes. Tratamos a cada cliente con empat\u00eda y profesionalismo, construyendo relaciones s\u00f3lidas a largo plazo.<\/p>\t\t\t\t\t<\/div>\n\t\t\t\t\t\t<\/div>\n\t\t\t\t<\/div>\n\t\t\t\t<div class=\"elementor-element elementor-element-f7bf317 elementor-widget elementor-widget-heading\" data-id=\"f7bf317\" data-element_type=\"widget\" data-widget_type=\"heading.default\">\n\t\t\t\t<div class=\"elementor-widget-container\">\n\t\t\t<h4 class=\"elementor-heading-title elementor-size-default\">Respuestas R\u00e1pidas y Eficientes<\/h4>\t\t<\/div>\n\t\t\t\t<\/div>\n\t\t\t\t<div class=\"elementor-element elementor-element-94f9c78 elementor-widget elementor-widget-text-editor\" data-id=\"94f9c78\" data-element_type=\"widget\" data-widget_type=\"text-editor.default\">\n\t\t\t\t<div class=\"elementor-widget-container\">\n\t\t\t\t\t\t\t\t<div class=\"elementor-text-editor elementor-clearfix\">\n\t\t\t\tLa velocidad importa en el mundo moderno. Nos comprometemos a proporcionar respuestas r\u00e1pidas y soluciones eficientes a las consultas y problemas de tus clientes. Ya sea a trav\u00e9s de chat en l\u00ednea, correo electr\u00f3nico o tel\u00e9fono, estamos disponibles para resolver cualquier inquietud de manera oportuna.\n\t\t\t\t\t<\/div>\n\t\t\t\t\t\t<\/div>\n\t\t\t\t<\/div>\n\t\t\t\t\t\t<\/div>\n\t\t\t\t\t<\/div>\n\t\t<\/div>\n\t\t\t\t\t\t\t\t<\/div>\n\t\t\t\t\t<\/div>\n\t\t<\/section>\n\t\t\t\t<section class=\"elementor-section elementor-top-section elementor-element elementor-element-646e400 elementor-section-full_width elementor-section-height-default elementor-section-height-default\" data-id=\"646e400\" data-element_type=\"section\" data-settings=\"{&quot;background_background&quot;:&quot;classic&quot;}\">\n\t\t\t\t\t\t<div class=\"elementor-container elementor-column-gap-default\">\n\t\t\t\t\t\t\t<div class=\"elementor-row\">\n\t\t\t\t\t<div class=\"elementor-column elementor-col-100 elementor-top-column elementor-element elementor-element-859a9da\" data-id=\"859a9da\" data-element_type=\"column\">\n\t\t\t<div class=\"elementor-column-wrap elementor-element-populated\">\n\t\t\t\t\t\t\t<div class=\"elementor-widget-wrap\">\n\t\t\t\t\t\t<div class=\"elementor-element elementor-element-8834e1b elementor-widget elementor-widget-heading\" data-id=\"8834e1b\" data-element_type=\"widget\" data-widget_type=\"heading.default\">\n\t\t\t\t<div class=\"elementor-widget-container\">\n\t\t\t<h3 class=\"elementor-heading-title elementor-size-xl\">\u00a1Impulsa tu negocio hoy! <\/h3>\t\t<\/div>\n\t\t\t\t<\/div>\n\t\t\t\t<div class=\"elementor-element elementor-element-a23098f elementor-widget elementor-widget-heading\" data-id=\"a23098f\" data-element_type=\"widget\" data-widget_type=\"heading.default\">\n\t\t\t\t<div class=\"elementor-widget-container\">\n\t\t\t<p class=\"elementor-heading-title elementor-size-medium\">Cont\u00e1ctanos para una consulta gratuita.<\/p>\t\t<\/div>\n\t\t\t\t<\/div>\n\t\t\t\t<div class=\"elementor-element elementor-element-bdaf164 elementor-align-center elementor-widget elementor-widget-button\" data-id=\"bdaf164\" data-element_type=\"widget\" data-widget_type=\"button.default\">\n\t\t\t\t<div class=\"elementor-widget-container\">\n\t\t\t\t\t<div class=\"elementor-button-wrapper\">\n\t\t\t<a class=\"elementor-button elementor-button-link elementor-size-lg\" href=\"tel:+1%20(402)%20889-5742\">\n\t\t\t\t\t\t<span class=\"elementor-button-content-wrapper\">\n\t\t\t\t\t\t<span class=\"elementor-button-icon elementor-align-icon-left\">\n\t\t\t\t<i aria-hidden=\"true\" class=\"flaticon flaticon-phone-call\"><\/i>\t\t\t<\/span>\n\t\t\t\t\t\t<span class=\"elementor-button-text\">LL\u00c1MANOS<\/span>\n\t\t<\/span>\n\t\t\t\t\t<\/a>\n\t\t<\/div>\n\t\t\t\t<\/div>\n\t\t\t\t<\/div>\n\t\t\t\t\t\t<\/div>\n\t\t\t\t\t<\/div>\n\t\t<\/div>\n\t\t\t\t\t\t\t\t<\/div>\n\t\t\t\t\t<\/div>\n\t\t<\/section>\n\t\t\t\t<section class=\"elementor-section elementor-top-section elementor-element elementor-element-3526997 elementor-section-boxed elementor-section-height-default elementor-section-height-default\" data-id=\"3526997\" data-element_type=\"section\">\n\t\t\t\t\t\t<div class=\"elementor-container elementor-column-gap-default\">\n\t\t\t\t\t\t\t<div class=\"elementor-row\">\n\t\t\t\t\t<div class=\"elementor-column elementor-col-50 elementor-top-column elementor-element elementor-element-0d805d4\" data-id=\"0d805d4\" data-element_type=\"column\">\n\t\t\t<div class=\"elementor-column-wrap elementor-element-populated\">\n\t\t\t\t\t\t\t<div class=\"elementor-widget-wrap\">\n\t\t\t\t\t\t<div class=\"elementor-element elementor-element-47b176f elementor-widget elementor-widget-image\" data-id=\"47b176f\" data-element_type=\"widget\" data-widget_type=\"image.default\">\n\t\t\t\t<div class=\"elementor-widget-container\">\n\t\t\t\t\t\t\t\t<div class=\"elementor-image\">\n\t\t\t\t\t\t\t\t\t\t\t\t<img loading=\"lazy\" decoding=\"async\" width=\"1024\" height=\"922\" src=\"https:\/\/advancebusiness.us\/ES\/wp-content\/uploads\/2023\/09\/hombre-hablando-mujer-vendedora-sala-exhibicion-autos-scaled-e1695876365537-1024x922.jpg\" class=\"attachment-large size-large wp-image-4168\" alt=\"Servicio al Cliente\" srcset=\"https:\/\/advancebusiness.us\/ES\/wp-content\/uploads\/2023\/09\/hombre-hablando-mujer-vendedora-sala-exhibicion-autos-scaled-e1695876365537-1024x922.jpg 1024w, https:\/\/advancebusiness.us\/ES\/wp-content\/uploads\/2023\/09\/hombre-hablando-mujer-vendedora-sala-exhibicion-autos-scaled-e1695876365537-1080x973.jpg 1080w, https:\/\/advancebusiness.us\/ES\/wp-content\/uploads\/2023\/09\/hombre-hablando-mujer-vendedora-sala-exhibicion-autos-scaled-e1695876365537-300x270.jpg 300w, https:\/\/advancebusiness.us\/ES\/wp-content\/uploads\/2023\/09\/hombre-hablando-mujer-vendedora-sala-exhibicion-autos-scaled-e1695876365537-768x692.jpg 768w, https:\/\/advancebusiness.us\/ES\/wp-content\/uploads\/2023\/09\/hombre-hablando-mujer-vendedora-sala-exhibicion-autos-scaled-e1695876365537-1536x1384.jpg 1536w, https:\/\/advancebusiness.us\/ES\/wp-content\/uploads\/2023\/09\/hombre-hablando-mujer-vendedora-sala-exhibicion-autos-scaled-e1695876365537.jpg 1894w\" sizes=\"(max-width: 1024px) 100vw, 1024px\" \/>\t\t\t\t\t\t\t\t\t\t\t\t\t\t<\/div>\n\t\t\t\t\t\t<\/div>\n\t\t\t\t<\/div>\n\t\t\t\t\t\t<\/div>\n\t\t\t\t\t<\/div>\n\t\t<\/div>\n\t\t\t\t<div class=\"elementor-column elementor-col-50 elementor-top-column elementor-element elementor-element-cb3e151\" data-id=\"cb3e151\" data-element_type=\"column\">\n\t\t\t<div class=\"elementor-column-wrap elementor-element-populated\">\n\t\t\t\t\t\t\t<div class=\"elementor-widget-wrap\">\n\t\t\t\t\t\t<div class=\"elementor-element elementor-element-67473d0 elementor-widget elementor-widget-accordion\" data-id=\"67473d0\" data-element_type=\"widget\" data-widget_type=\"accordion.default\">\n\t\t\t\t<div class=\"elementor-widget-container\">\n\t\t\t<style>\/*! elementor - v3.16.0 - 17-10-2023 *\/\n.elementor-accordion{text-align:left}.elementor-accordion .elementor-accordion-item{border:1px solid #d5d8dc}.elementor-accordion .elementor-accordion-item+.elementor-accordion-item{border-top:none}.elementor-accordion .elementor-tab-title{margin:0;padding:15px 20px;font-weight:700;line-height:1;cursor:pointer;outline:none}.elementor-accordion .elementor-tab-title .elementor-accordion-icon{display:inline-block;width:1.5em}.elementor-accordion .elementor-tab-title .elementor-accordion-icon svg{width:1em;height:1em}.elementor-accordion .elementor-tab-title .elementor-accordion-icon.elementor-accordion-icon-right{float:right;text-align:right}.elementor-accordion .elementor-tab-title .elementor-accordion-icon.elementor-accordion-icon-left{float:left;text-align:left}.elementor-accordion .elementor-tab-title .elementor-accordion-icon .elementor-accordion-icon-closed{display:block}.elementor-accordion .elementor-tab-title .elementor-accordion-icon .elementor-accordion-icon-opened,.elementor-accordion .elementor-tab-title.elementor-active .elementor-accordion-icon-closed{display:none}.elementor-accordion .elementor-tab-title.elementor-active .elementor-accordion-icon-opened{display:block}.elementor-accordion .elementor-tab-content{display:none;padding:15px 20px;border-top:1px solid #d5d8dc}@media (max-width:767px){.elementor-accordion .elementor-tab-title{padding:12px 15px}.elementor-accordion .elementor-tab-title .elementor-accordion-icon{width:1.2em}.elementor-accordion .elementor-tab-content{padding:7px 15px}}.e-con-inner>.elementor-widget-accordion,.e-con>.elementor-widget-accordion{width:var(--container-widget-width);--flex-grow:var(--container-widget-flex-grow)}<\/style>\t\t<div class=\"elementor-accordion\">\n\t\t\t\t\t\t\t<div class=\"elementor-accordion-item\">\n\t\t\t\t\t<div id=\"elementor-tab-title-1081\" class=\"elementor-tab-title\" data-tab=\"1\" role=\"button\" aria-controls=\"elementor-tab-content-1081\" aria-expanded=\"false\">\n\t\t\t\t\t\t\t\t\t\t\t\t\t<span class=\"elementor-accordion-icon elementor-accordion-icon-left\" aria-hidden=\"true\">\n\t\t\t\t\t\t\t\t\t\t\t\t\t\t\t<span class=\"elementor-accordion-icon-closed\"><i class=\"fas fa-plus\"><\/i><\/span>\n\t\t\t\t\t\t\t\t<span class=\"elementor-accordion-icon-opened\"><i class=\"fas fa-minus\"><\/i><\/span>\n\t\t\t\t\t\t\t\t\t\t\t\t\t\t<\/span>\n\t\t\t\t\t\t\t\t\t\t\t\t<a class=\"elementor-accordion-title\" tabindex=\"0\">Resoluci\u00f3n de Problemas<\/a>\n\t\t\t\t\t<\/div>\n\t\t\t\t\t<div id=\"elementor-tab-content-1081\" class=\"elementor-tab-content elementor-clearfix\" data-tab=\"1\" role=\"region\" aria-labelledby=\"elementor-tab-title-1081\"><p><span>Nuestro equipo est\u00e1 capacitado para abordar problemas y desaf\u00edos con calma y eficacia. Trabajamos en estrecha colaboraci\u00f3n con tus clientes para identificar y resolver problemas de manera efectiva, manteniendo su satisfacci\u00f3n en el centro de nuestra atenci\u00f3n.<\/span><\/p><\/div>\n\t\t\t\t<\/div>\n\t\t\t\t\t\t\t<div class=\"elementor-accordion-item\">\n\t\t\t\t\t<div id=\"elementor-tab-title-1082\" class=\"elementor-tab-title\" data-tab=\"2\" role=\"button\" aria-controls=\"elementor-tab-content-1082\" aria-expanded=\"false\">\n\t\t\t\t\t\t\t\t\t\t\t\t\t<span class=\"elementor-accordion-icon elementor-accordion-icon-left\" aria-hidden=\"true\">\n\t\t\t\t\t\t\t\t\t\t\t\t\t\t\t<span class=\"elementor-accordion-icon-closed\"><i class=\"fas fa-plus\"><\/i><\/span>\n\t\t\t\t\t\t\t\t<span class=\"elementor-accordion-icon-opened\"><i class=\"fas fa-minus\"><\/i><\/span>\n\t\t\t\t\t\t\t\t\t\t\t\t\t\t<\/span>\n\t\t\t\t\t\t\t\t\t\t\t\t<a class=\"elementor-accordion-title\" tabindex=\"0\">Gesti\u00f3n de Quejas y Feedback<\/a>\n\t\t\t\t\t<\/div>\n\t\t\t\t\t<div id=\"elementor-tab-content-1082\" class=\"elementor-tab-content elementor-clearfix\" data-tab=\"2\" role=\"region\" aria-labelledby=\"elementor-tab-title-1082\">Apreciamos las opiniones de tus clientes, incluso cuando no son positivas. Gestionamos quejas y feedback de manera proactiva, demostrando que valoramos sus opiniones. Transformamos las experiencias negativas en oportunidades de mejora y crecimiento.\n<\/div>\n\t\t\t\t<\/div>\n\t\t\t\t\t\t\t<div class=\"elementor-accordion-item\">\n\t\t\t\t\t<div id=\"elementor-tab-title-1083\" class=\"elementor-tab-title\" data-tab=\"3\" role=\"button\" aria-controls=\"elementor-tab-content-1083\" aria-expanded=\"false\">\n\t\t\t\t\t\t\t\t\t\t\t\t\t<span class=\"elementor-accordion-icon elementor-accordion-icon-left\" aria-hidden=\"true\">\n\t\t\t\t\t\t\t\t\t\t\t\t\t\t\t<span class=\"elementor-accordion-icon-closed\"><i class=\"fas fa-plus\"><\/i><\/span>\n\t\t\t\t\t\t\t\t<span class=\"elementor-accordion-icon-opened\"><i class=\"fas fa-minus\"><\/i><\/span>\n\t\t\t\t\t\t\t\t\t\t\t\t\t\t<\/span>\n\t\t\t\t\t\t\t\t\t\t\t\t<a class=\"elementor-accordion-title\" tabindex=\"0\">Informaci\u00f3n y Asesor\u00eda<\/a>\n\t\t\t\t\t<\/div>\n\t\t\t\t\t<div id=\"elementor-tab-content-1083\" class=\"elementor-tab-content elementor-clearfix\" data-tab=\"3\" role=\"region\" aria-labelledby=\"elementor-tab-title-1083\"><p><span style=\"font-weight: 400;\">Como una empresa de consultor\u00eda de negocios, entendemos que tus clientes pueden tener preguntas m\u00e1s all\u00e1 de tus productos o servicios. Proporcionamos informaci\u00f3n y asesor\u00eda relacionada con tu \u00e1rea de experiencia, brindando un valor adicional y fortaleciendo la relaci\u00f3n con tus clientes.<\/span><\/p><\/div>\n\t\t\t\t<\/div>\n\t\t\t\t\t\t\t<div class=\"elementor-accordion-item\">\n\t\t\t\t\t<div id=\"elementor-tab-title-1084\" class=\"elementor-tab-title\" data-tab=\"4\" role=\"button\" aria-controls=\"elementor-tab-content-1084\" aria-expanded=\"false\">\n\t\t\t\t\t\t\t\t\t\t\t\t\t<span class=\"elementor-accordion-icon elementor-accordion-icon-left\" aria-hidden=\"true\">\n\t\t\t\t\t\t\t\t\t\t\t\t\t\t\t<span class=\"elementor-accordion-icon-closed\"><i class=\"fas fa-plus\"><\/i><\/span>\n\t\t\t\t\t\t\t\t<span class=\"elementor-accordion-icon-opened\"><i class=\"fas fa-minus\"><\/i><\/span>\n\t\t\t\t\t\t\t\t\t\t\t\t\t\t<\/span>\n\t\t\t\t\t\t\t\t\t\t\t\t<a class=\"elementor-accordion-title\" tabindex=\"0\">Seguimiento y Fidelizaci\u00f3n<\/a>\n\t\t\t\t\t<\/div>\n\t\t\t\t\t<div id=\"elementor-tab-content-1084\" class=\"elementor-tab-content elementor-clearfix\" data-tab=\"4\" role=\"region\" aria-labelledby=\"elementor-tab-title-1084\"><p><span style=\"font-weight: 400;\">No nos limitamos a una \u00fanica interacci\u00f3n. Realizamos un seguimiento constante para asegurarnos de que tus clientes est\u00e9n satisfechos con las soluciones proporcionadas. Nuestro objetivo es crear clientes leales que regresen y recomienden tus servicios a otros.<\/span><\/p><\/div>\n\t\t\t\t<\/div>\n\t\t\t\t\t\t\t\t<\/div>\n\t\t\t\t<\/div>\n\t\t\t\t<\/div>\n\t\t\t\t<div class=\"elementor-element elementor-element-6389eee elementor-widget elementor-widget-text-editor\" data-id=\"6389eee\" data-element_type=\"widget\" data-widget_type=\"text-editor.default\">\n\t\t\t\t<div class=\"elementor-widget-container\">\n\t\t\t\t\t\t\t\t<div class=\"elementor-text-editor elementor-clearfix\">\n\t\t\t\tEn Advance Business Center, nuestra pasi\u00f3n por el servicio al cliente es evidente en cada interacci\u00f3n. Nos esforzamos por superar las expectativas y garantizar que tus clientes se sientan valorados y escuchados. Nuestro servicio de atenci\u00f3n al cliente es una inversi\u00f3n en la construcci\u00f3n de relaciones duraderas y en el \u00e9xito continuo de tu negocio. \u00a1Cont\u00e1ctanos hoy mismo y permite que nuestro equipo brinde un servicio excepcional que deje una impresi\u00f3n positiva en cada cliente!\t\t\t\t\t<\/div>\n\t\t\t\t\t\t<\/div>\n\t\t\t\t<\/div>\n\t\t\t\t\t\t<\/div>\n\t\t\t\t\t<\/div>\n\t\t<\/div>\n\t\t\t\t\t\t\t\t<\/div>\n\t\t\t\t\t<\/div>\n\t\t<\/section>\n\t\t\t\t\t\t\t\t\t<\/div>\n\t\t\t<\/div>\n\t\t\t\t\t<\/div>\n\t\t","protected":false},"excerpt":{"rendered":"<p>Nuestro servicio de formaci\u00f3n de empresas est\u00e1 dise\u00f1ado para hacer realidad tus ideas de negocio de manera eficiente y profesional. Nos encargamos de cada paso crucial en el proceso de establecer tu empresa, asegur\u00e1ndonos de que todo est\u00e9 en orden y legalmente conforme para que puedas concentrarte en lo que haces mejor: hacer crecer tu negocio.<\/p>\n","protected":false},"author":1,"featured_media":4031,"parent":33,"menu_order":0,"comment_status":"closed","ping_status":"closed","template":"","meta":{"inline_featured_image":false,"footnotes":""},"class_list":["post-4118","page","type-page","status-publish","has-post-thumbnail","hentry"],"aioseo_notices":[],"_links":{"self":[{"href":"https:\/\/advancebusiness.us\/ES\/index.php\/wp-json\/wp\/v2\/pages\/4118"}],"collection":[{"href":"https:\/\/advancebusiness.us\/ES\/index.php\/wp-json\/wp\/v2\/pages"}],"about":[{"href":"https:\/\/advancebusiness.us\/ES\/index.php\/wp-json\/wp\/v2\/types\/page"}],"author":[{"embeddable":true,"href":"https:\/\/advancebusiness.us\/ES\/index.php\/wp-json\/wp\/v2\/users\/1"}],"replies":[{"embeddable":true,"href":"https:\/\/advancebusiness.us\/ES\/index.php\/wp-json\/wp\/v2\/comments?post=4118"}],"version-history":[{"count":31,"href":"https:\/\/advancebusiness.us\/ES\/index.php\/wp-json\/wp\/v2\/pages\/4118\/revisions"}],"predecessor-version":[{"id":4682,"href":"https:\/\/advancebusiness.us\/ES\/index.php\/wp-json\/wp\/v2\/pages\/4118\/revisions\/4682"}],"up":[{"embeddable":true,"href":"https:\/\/advancebusiness.us\/ES\/index.php\/wp-json\/wp\/v2\/pages\/33"}],"wp:featuredmedia":[{"embeddable":true,"href":"https:\/\/advancebusiness.us\/ES\/index.php\/wp-json\/wp\/v2\/media\/4031"}],"wp:attachment":[{"href":"https:\/\/advancebusiness.us\/ES\/index.php\/wp-json\/wp\/v2\/media?parent=4118"}],"curies":[{"name":"wp","href":"https:\/\/api.w.org\/{rel}","templated":true}]}}